{"id":14555,"date":"2021-05-04T13:43:12","date_gmt":"2021-05-04T13:43:12","guid":{"rendered":"https:\/\/pluschem.com\/quimicos-finos-e-de-especialidade\/"},"modified":"2022-09-10T11:36:58","modified_gmt":"2022-09-10T11:36:58","slug":"quimicos-finos-e-de-especialidade","status":"publish","type":"page","link":"https:\/\/dev.pluschem.com\/pt-br\/categorias-quimicas\/quimicos-finos-e-de-especialidade\/","title":{"rendered":"Qu\u00edmicos finos e de especialidade"},"content":{"rendered":"\t\t<div data-elementor-type=\"wp-page\" data-elementor-id=\"14555\" class=\"elementor elementor-14555 elementor-1109\" data-elementor-post-type=\"page\">\n\t\t\t\t\t\t<section class=\"elementor-section elementor-top-section elementor-element elementor-element-2aeb9e45 elementor-section-full_width elementor-section-height-min-height elementor-section-items-stretch elementor-section-height-default\" data-id=\"2aeb9e45\" data-element_type=\"section\" data-e-type=\"section\" data-settings=\"{&quot;background_background&quot;:&quot;classic&quot;}\">\n\t\t\t\t\t\t<div class=\"elementor-container elementor-column-gap-default\">\n\t\t\t\t\t<div class=\"elementor-column elementor-col-100 elementor-top-column elementor-element elementor-element-61a90b3d\" data-id=\"61a90b3d\" data-element_type=\"column\" data-e-type=\"column\">\n\t\t\t<div class=\"elementor-widget-wrap elementor-element-populated\">\n\t\t\t\t\t\t<div class=\"elementor-element elementor-element-5045fc4 elementor-widget elementor-widget-heading\" data-id=\"5045fc4\" data-element_type=\"widget\" data-e-type=\"widget\" data-widget_type=\"heading.default\">\n\t\t\t\t<div class=\"elementor-widget-container\">\n\t\t\t\t\t<h2 class=\"elementor-heading-title elementor-size-default\"><a href=\"https:\/\/dev.pluschem.com\/pt-br\/categorias-quimicas\/\">Categorias qu\u00edmicas<\/a><\/h2>\t\t\t\t<\/div>\n\t\t\t\t<\/div>\n\t\t\t\t\t<\/div>\n\t\t<\/div>\n\t\t\t\t\t<\/div>\n\t\t<\/section>\n\t\t\t\t<section class=\"elementor-section elementor-top-section elementor-element elementor-element-15a7c30 elementor-section-boxed elementor-section-height-default elementor-section-height-default\" data-id=\"15a7c30\" data-element_type=\"section\" data-e-type=\"section\">\n\t\t\t\t\t\t<div class=\"elementor-container elementor-column-gap-default\">\n\t\t\t\t\t<div class=\"elementor-column elementor-col-100 elementor-top-column elementor-element elementor-element-502f02a\" data-id=\"502f02a\" data-element_type=\"column\" data-e-type=\"column\">\n\t\t\t<div class=\"elementor-widget-wrap elementor-element-populated\">\n\t\t\t\t\t\t<div class=\"elementor-element elementor-element-b87520e elementor-widget elementor-widget-spacer\" data-id=\"b87520e\" data-element_type=\"widget\" data-e-type=\"widget\" data-widget_type=\"spacer.default\">\n\t\t\t\t<div class=\"elementor-widget-container\">\n\t\t\t\t\t\t\t<div class=\"elementor-spacer\">\n\t\t\t<div class=\"elementor-spacer-inner\"><\/div>\n\t\t<\/div>\n\t\t\t\t\t\t<\/div>\n\t\t\t\t<\/div>\n\t\t\t\t\t<\/div>\n\t\t<\/div>\n\t\t\t\t\t<\/div>\n\t\t<\/section>\n\t\t\t\t<section class=\"elementor-section elementor-top-section elementor-element elementor-element-62e7ba17 elementor-section-boxed elementor-section-height-default elementor-section-height-default\" data-id=\"62e7ba17\" data-element_type=\"section\" data-e-type=\"section\">\n\t\t\t\t\t\t<div class=\"elementor-container elementor-column-gap-no\">\n\t\t\t\t\t<div class=\"elementor-column elementor-col-50 elementor-top-column elementor-element elementor-element-75e955c2 elementor-hidden-mobile\" data-id=\"75e955c2\" data-element_type=\"column\" data-e-type=\"column\">\n\t\t\t<div class=\"elementor-widget-wrap elementor-element-populated\">\n\t\t\t\t\t\t<div class=\"elementor-element elementor-element-3e85d00f elementor-widget elementor-widget-image\" data-id=\"3e85d00f\" data-element_type=\"widget\" data-e-type=\"widget\" data-settings=\"{&quot;_animation_tablet&quot;:&quot;slideInLeft&quot;}\" data-widget_type=\"image.default\">\n\t\t\t\t<div class=\"elementor-widget-container\">\n\t\t\t\t\t\t\t\t\t\t\t\t\t\t\t<img decoding=\"async\" src=\"https:\/\/dev.pluschem.com\/wp-content\/uploads\/elementor\/thumbs\/Fine-and-specialty-Secondary-Desktop-650x500-1-pegju7ojenix7yw3x5xxmhj6fmg22mo1ha0rtkspvs.jpg\" title=\"Qu\u00edmicos finos e de especialidade\" alt=\"Qu\u00edmicos finos e de especialidade\" loading=\"lazy\" \/>\t\t\t\t\t\t\t\t\t\t\t\t\t\t\t<\/div>\n\t\t\t\t<\/div>\n\t\t\t\t\t<\/div>\n\t\t<\/div>\n\t\t\t\t<div class=\"elementor-column elementor-col-50 elementor-top-column elementor-element elementor-element-27424dc5\" data-id=\"27424dc5\" data-element_type=\"column\" data-e-type=\"column\">\n\t\t\t<div class=\"elementor-widget-wrap elementor-element-populated\">\n\t\t\t\t\t\t<div class=\"elementor-element elementor-element-7ecabcc2 elementor-hidden-tablet elementor-hidden-mobile elementor-widget elementor-widget-heading\" data-id=\"7ecabcc2\" data-element_type=\"widget\" data-e-type=\"widget\" data-widget_type=\"heading.default\">\n\t\t\t\t<div class=\"elementor-widget-container\">\n\t\t\t\t\t<h2 class=\"elementor-heading-title elementor-size-default\">Qu\u00edmicos finos e de especialidade<\/h2>\t\t\t\t<\/div>\n\t\t\t\t<\/div>\n\t\t\t\t<div class=\"elementor-element elementor-element-112eff23 elementor-widget elementor-widget-text-editor\" data-id=\"112eff23\" data-element_type=\"widget\" data-e-type=\"widget\" data-widget_type=\"text-editor.default\">\n\t\t\t\t<div class=\"elementor-widget-container\">\n\t\t\t\t\t\t\t\t\t<p>O nosso grupo distribui uma variedade de qu\u00edmicos de especialidade de elevada pureza e especifica\u00e7\u00e3o para utiliza\u00e7\u00e3o na ind\u00fastria de qu\u00edmicos finos: farmac\u00eautica, s\u00edntese, produ\u00e7\u00e3o de intermedi\u00e1rios e API (intermedi\u00e1rios farmac\u00eauticos ativos).<\/p><ul><li>Intermedi\u00e1rios reativos<\/li><li>Produtos especializados de nicho<\/li><li>Mat\u00e9rias-primas altamente purificadas<\/li><li>Componentes reativos invulgares<\/li><li>Intermedi\u00e1rios para s\u00edntese complexa<\/li><li>Subst\u00e2ncias qu\u00edmicas para aplica\u00e7\u00f5es especiais<\/li><\/ul><p> <\/p><p>Quer saber mais sobre <strong>Qu\u00edmicos finos e de especialidade<\/strong>? Envie o formul\u00e1rio abaixo e iremos contact\u00e1-lo. <\/p>\t\t\t\t\t\t\t\t<\/div>\n\t\t\t\t<\/div>\n\t\t\t\t<div class=\"elementor-element elementor-element-573371d elementor-hidden-desktop elementor-hidden-tablet elementor-widget elementor-widget-image\" data-id=\"573371d\" data-element_type=\"widget\" data-e-type=\"widget\" data-widget_type=\"image.default\">\n\t\t\t\t<div class=\"elementor-widget-container\">\n\t\t\t\t\t\t\t\t\t\t\t\t\t\t\t<img decoding=\"async\" src=\"https:\/\/dev.pluschem.com\/wp-content\/uploads\/elementor\/thumbs\/Fine-and-Specialty-Secondary-Mobile-290x290-1-pegjq5zflgd64heq5xv8ks7n78wlo1ztz0mnc2v74k.jpg\" title=\"Qu\u00edmicos finos e de especialidade\" alt=\"Qu\u00edmicos finos e de especialidade\" loading=\"lazy\" \/>\t\t\t\t\t\t\t\t\t\t\t\t\t\t\t<\/div>\n\t\t\t\t<\/div>\n\t\t\t\t<div class=\"elementor-element elementor-element-775dd71 elementor-tablet-button-align-stretch elementor-mobile-button-align-stretch elementor-button-align-stretch elementor-widget elementor-widget-form\" data-id=\"775dd71\" data-element_type=\"widget\" data-e-type=\"widget\" data-settings=\"{&quot;step_next_label&quot;:&quot;Next&quot;,&quot;step_previous_label&quot;:&quot;Previous&quot;,&quot;button_width&quot;:&quot;40&quot;,&quot;step_type&quot;:&quot;none&quot;,&quot;button_width_tablet&quot;:&quot;40&quot;,&quot;button_width_mobile&quot;:&quot;50&quot;,&quot;step_icon_shape&quot;:&quot;circle&quot;}\" data-widget_type=\"form.default\">\n\t\t\t\t<div class=\"elementor-widget-container\">\n\t\t\t\t\t\t\t<form class=\"elementor-form\" method=\"post\" name=\"Fine and Specialty form\" aria-label=\"Fine and Specialty form\">\n\t\t\t<input type=\"hidden\" name=\"post_id\" value=\"14555\"\/>\n\t\t\t<input type=\"hidden\" name=\"form_id\" value=\"775dd71\"\/>\n\t\t\t<input type=\"hidden\" name=\"referer_title\" value=\"Qu\u00edmicos finos e de especialidade\" \/>\n\n\t\t\t\t\t\t\t<input type=\"hidden\" name=\"queried_id\" value=\"14555\"\/>\n\t\t\t\n\t\t\t<div class=\"elementor-form-fields-wrapper elementor-labels-above\">\n\t\t\t\t\t\t\t\t<div class=\"elementor-field-type-text elementor-field-group elementor-column elementor-field-group-name elementor-col-50 elementor-field-required elementor-mark-required\">\n\t\t\t\t\t\t\t\t\t\t\t\t<label for=\"form-field-name\" class=\"elementor-field-label\">\n\t\t\t\t\t\t\t\tNome \t\t\t\t\t\t\t<\/label>\n\t\t\t\t\t\t\t\t\t\t\t\t\t\t<input size=\"1\" type=\"text\" name=\"form_fields[name]\" id=\"form-field-name\" class=\"elementor-field elementor-size-md  elementor-field-textual\" required=\"required\">\n\t\t\t\t\t\t\t\t\t\t\t<\/div>\n\t\t\t\t\t\t\t\t<div class=\"elementor-field-type-email elementor-field-group elementor-column elementor-field-group-email elementor-col-50 elementor-field-required elementor-mark-required\">\n\t\t\t\t\t\t\t\t\t\t\t\t<label for=\"form-field-email\" class=\"elementor-field-label\">\n\t\t\t\t\t\t\t\t Correio eletr\u00f4nico\t\t\t\t\t\t\t<\/label>\n\t\t\t\t\t\t\t\t\t\t\t\t\t\t<input size=\"1\" type=\"email\" name=\"form_fields[email]\" id=\"form-field-email\" class=\"elementor-field elementor-size-md  elementor-field-textual\" required=\"required\">\n\t\t\t\t\t\t\t\t\t\t\t<\/div>\n\t\t\t\t\t\t\t\t<div class=\"elementor-field-type-acceptance elementor-field-group elementor-column elementor-field-group-acceptance elementor-col-100 elementor-field-required elementor-mark-required\">\n\t\t\t\t\t\t\t\t\t\t\t\t<label for=\"form-field-acceptance\" class=\"elementor-field-label\">\n\t\t\t\t\t\t\t\tAceita\u00e7\u00e3o \t\t\t\t\t\t\t<\/label>\n\t\t\t\t\t\t\t\t<div class=\"elementor-field-subgroup\">\n\t\t\t<span class=\"elementor-field-option\">\n\t\t\t\t<input type=\"checkbox\" name=\"form_fields[acceptance]\" id=\"form-field-acceptance\" class=\"elementor-field elementor-size-md  elementor-acceptance-field\" required=\"required\">\n\t\t\t\t<label for=\"form-field-acceptance\"> Os dados pessoais fornecidos no preenchimento deste formul\u00e1rio ser\u00e3o processados pela PlusChem EEIG. O objetivo da recolha e processamento dos dados pessoais solicitados \u00e9 responder a pedidos de informa\u00e7\u00f5es da parte interessada e estabelecer ou manter rela\u00e7\u00f5es comerciais. A legitima\u00e7\u00e3o \u00e9 feita atrav\u00e9s do consentimento da parte interessada e do interesse leg\u00edtimo no desenvolvimento de uma rela\u00e7\u00e3o comercial. O destinat\u00e1rio desta informa\u00e7\u00e3o \u00e9 a PlusChem EEIG. O utilizador tem o direito de acesso, retifica\u00e7\u00e3o, elimina\u00e7\u00e3o, limita\u00e7\u00e3o, oposi\u00e7\u00e3o e portabilidade de todos os seus dados. Para mais informa\u00e7\u00f5es, consulte a nossa Pol\u00edtica de Privacidade.<\/label>\t\t\t<\/span>\n\t\t<\/div>\n\t\t\t\t\t\t<\/div>\n\t\t\t\t\t\t\t\t<div class=\"elementor-field-type-recaptcha_v3 elementor-field-group elementor-column elementor-field-group-field_7fb4156 elementor-col-100 recaptcha_v3-bottomright\">\n\t\t\t\t\t<div class=\"elementor-field\" id=\"form-field-field_7fb4156\"><div class=\"elementor-g-recaptcha\" data-sitekey=\"6LcFjvgUAAAAAOdN_9fJU0uam-rkFSgDHMvG6B_q\" data-type=\"v3\" data-action=\"Form\" data-badge=\"bottomright\" data-size=\"invisible\"><\/div><\/div>\t\t\t\t<\/div>\n\t\t\t\t\t\t\t\t<div class=\"elementor-field-group elementor-column elementor-field-type-submit elementor-col-40 e-form__buttons elementor-md-40 elementor-sm-50\">\n\t\t\t\t\t<button class=\"elementor-button elementor-size-sm\" type=\"submit\">\n\t\t\t\t\t\t<span class=\"elementor-button-content-wrapper\">\n\t\t\t\t\t\t\t\t\t\t\t\t\t\t\t<span class=\"elementor-button-icon\">\n\t\t\t\t\t\t\t\t\t<i aria-hidden=\"true\" class=\"fas fa-check\"><\/i>\t\t\t\t\t\t\t\t\t\t\t\t\t\t\t\t\t<\/span>\n\t\t\t\t\t\t\t\t\t\t\t\t\t\t\t\t\t\t\t\t\t\t<span class=\"elementor-button-text\"> Enviar<\/span>\n\t\t\t\t\t\t\t\t\t\t\t\t\t<\/span>\n\t\t\t\t\t<\/button>\n\t\t\t\t<\/div>\n\t\t\t<\/div>\n\t\t<\/form>\n\t\t\t\t\t\t<\/div>\n\t\t\t\t<\/div>\n\t\t\t\t\t<\/div>\n\t\t<\/div>\n\t\t\t\t\t<\/div>\n\t\t<\/section>\n\t\t\t\t<section class=\"elementor-section elementor-top-section elementor-element elementor-element-5f344f1 elementor-section-boxed elementor-section-height-default elementor-section-height-default\" data-id=\"5f344f1\" data-element_type=\"section\" data-e-type=\"section\">\n\t\t\t\t\t\t<div class=\"elementor-container elementor-column-gap-default\">\n\t\t\t\t\t<div class=\"elementor-column elementor-col-100 elementor-top-column elementor-element elementor-element-3a8d308\" data-id=\"3a8d308\" data-element_type=\"column\" data-e-type=\"column\">\n\t\t\t<div class=\"elementor-widget-wrap elementor-element-populated\">\n\t\t\t\t\t\t<div class=\"elementor-element elementor-element-46b4cd4 elementor-widget elementor-widget-spacer\" data-id=\"46b4cd4\" data-element_type=\"widget\" data-e-type=\"widget\" data-widget_type=\"spacer.default\">\n\t\t\t\t<div class=\"elementor-widget-container\">\n\t\t\t\t\t\t\t<div class=\"elementor-spacer\">\n\t\t\t<div class=\"elementor-spacer-inner\"><\/div>\n\t\t<\/div>\n\t\t\t\t\t\t<\/div>\n\t\t\t\t<\/div>\n\t\t\t\t\t<\/div>\n\t\t<\/div>\n\t\t\t\t\t<\/div>\n\t\t<\/section>\n\t\t\t\t<\/div>\n\t\t","protected":false},"excerpt":{"rendered":"<p>Categorias qu\u00edmicas O nosso grupo distribui uma variedade de qu\u00edmicos de especialidade de elevada pureza e especifica\u00e7\u00e3o para utiliza\u00e7\u00e3o na ind\u00fastria de qu\u00edmicos finos: farmac\u00eautica, s\u00edntese, produ\u00e7\u00e3o de intermedi\u00e1rios e API (intermedi\u00e1rios farmac\u00eauticos ativos). Intermedi\u00e1rios reativos Produtos especializados de nicho Mat\u00e9rias-primas altamente purificadas Componentes reativos invulgares Intermedi\u00e1rios para s\u00edntese complexa Subst\u00e2ncias qu\u00edmicas para aplica\u00e7\u00f5es especiais [&hellip;]<\/p>\n","protected":false},"author":1,"featured_media":9512,"parent":14561,"menu_order":0,"comment_status":"closed","ping_status":"closed","template":"elementor_header_footer","meta":{"_seopress_robots_primary_cat":"","_seopress_titles_title":"%%sitetitle%% %%sep%% %%post_title%%","_seopress_titles_desc":"Our group distributes a range of high purity high specification specialities for use in the fine chemicals industry.","_seopress_robots_index":"","footnotes":""},"class_list":["post-14555","page","type-page","status-publish","has-post-thumbnail","hentry"],"_links":{"self":[{"href":"https:\/\/dev.pluschem.com\/pt-br\/wp-json\/wp\/v2\/pages\/14555","targetHints":{"allow":["GET"]}}],"collection":[{"href":"https:\/\/dev.pluschem.com\/pt-br\/wp-json\/wp\/v2\/pages"}],"about":[{"href":"https:\/\/dev.pluschem.com\/pt-br\/wp-json\/wp\/v2\/types\/page"}],"author":[{"embeddable":true,"href":"https:\/\/dev.pluschem.com\/pt-br\/wp-json\/wp\/v2\/users\/1"}],"replies":[{"embeddable":true,"href":"https:\/\/dev.pluschem.com\/pt-br\/wp-json\/wp\/v2\/comments?post=14555"}],"version-history":[{"count":0,"href":"https:\/\/dev.pluschem.com\/pt-br\/wp-json\/wp\/v2\/pages\/14555\/revisions"}],"up":[{"embeddable":true,"href":"https:\/\/dev.pluschem.com\/pt-br\/wp-json\/wp\/v2\/pages\/14561"}],"wp:featuredmedia":[{"embeddable":true,"href":"https:\/\/dev.pluschem.com\/pt-br\/wp-json\/wp\/v2\/media\/9512"}],"wp:attachment":[{"href":"https:\/\/dev.pluschem.com\/pt-br\/wp-json\/wp\/v2\/media?parent=14555"}],"curies":[{"name":"wp","href":"https:\/\/api.w.org\/{rel}","templated":true}]}}