{"id":14625,"date":"2021-05-21T10:11:17","date_gmt":"2021-05-21T10:11:17","guid":{"rendered":"https:\/\/pluschem.com\/categorias-quimicas\/alimentos-e-racoes\/"},"modified":"2022-09-10T11:06:12","modified_gmt":"2022-09-10T11:06:12","slug":"alimentos-e-racoes","status":"publish","type":"page","link":"https:\/\/dev.pluschem.com\/pt-br\/categorias-quimicas\/alimentos-e-racoes\/","title":{"rendered":"Alimentos e ra\u00e7\u00f5es"},"content":{"rendered":"\t\t<div data-elementor-type=\"wp-page\" data-elementor-id=\"14625\" class=\"elementor elementor-14625 elementor-1420\" data-elementor-post-type=\"page\">\n\t\t\t\t\t\t<section class=\"elementor-section elementor-top-section elementor-element elementor-element-7b887050 elementor-section-full_width elementor-section-height-min-height elementor-section-items-stretch elementor-section-height-default\" data-id=\"7b887050\" data-element_type=\"section\" data-e-type=\"section\" data-settings=\"{&quot;background_background&quot;:&quot;classic&quot;}\">\n\t\t\t\t\t\t<div class=\"elementor-container elementor-column-gap-default\">\n\t\t\t\t\t<div class=\"elementor-column elementor-col-100 elementor-top-column elementor-element elementor-element-1261c371\" data-id=\"1261c371\" data-element_type=\"column\" data-e-type=\"column\">\n\t\t\t<div class=\"elementor-widget-wrap elementor-element-populated\">\n\t\t\t\t\t\t<div class=\"elementor-element elementor-element-8c491c7 elementor-widget elementor-widget-heading\" data-id=\"8c491c7\" data-element_type=\"widget\" data-e-type=\"widget\" data-widget_type=\"heading.default\">\n\t\t\t\t<div class=\"elementor-widget-container\">\n\t\t\t\t\t<h2 class=\"elementor-heading-title elementor-size-default\"><a href=\"https:\/\/dev.pluschem.com\/pt-br\/categorias-quimicas\/\">Categorias qu\u00edmicas<\/a><\/h2>\t\t\t\t<\/div>\n\t\t\t\t<\/div>\n\t\t\t\t\t<\/div>\n\t\t<\/div>\n\t\t\t\t\t<\/div>\n\t\t<\/section>\n\t\t\t\t<section class=\"elementor-section elementor-top-section elementor-element elementor-element-7c96ad66 elementor-section-boxed elementor-section-height-default elementor-section-height-default\" data-id=\"7c96ad66\" data-element_type=\"section\" data-e-type=\"section\">\n\t\t\t\t\t\t<div class=\"elementor-container elementor-column-gap-default\">\n\t\t\t\t\t<div class=\"elementor-column elementor-col-100 elementor-top-column elementor-element elementor-element-5a5b8289\" data-id=\"5a5b8289\" data-element_type=\"column\" data-e-type=\"column\">\n\t\t\t<div class=\"elementor-widget-wrap elementor-element-populated\">\n\t\t\t\t\t\t<div class=\"elementor-element elementor-element-2a732c72 elementor-widget elementor-widget-spacer\" data-id=\"2a732c72\" data-element_type=\"widget\" data-e-type=\"widget\" data-widget_type=\"spacer.default\">\n\t\t\t\t<div class=\"elementor-widget-container\">\n\t\t\t\t\t\t\t<div class=\"elementor-spacer\">\n\t\t\t<div class=\"elementor-spacer-inner\"><\/div>\n\t\t<\/div>\n\t\t\t\t\t\t<\/div>\n\t\t\t\t<\/div>\n\t\t\t\t\t<\/div>\n\t\t<\/div>\n\t\t\t\t\t<\/div>\n\t\t<\/section>\n\t\t\t\t<section class=\"elementor-section elementor-top-section elementor-element elementor-element-281434e1 elementor-section-boxed elementor-section-height-default elementor-section-height-default\" data-id=\"281434e1\" data-element_type=\"section\" data-e-type=\"section\">\n\t\t\t\t\t\t<div class=\"elementor-container elementor-column-gap-no\">\n\t\t\t\t\t<div class=\"elementor-column elementor-col-50 elementor-top-column elementor-element elementor-element-15569417 elementor-hidden-mobile\" data-id=\"15569417\" data-element_type=\"column\" data-e-type=\"column\">\n\t\t\t<div class=\"elementor-widget-wrap elementor-element-populated\">\n\t\t\t\t\t\t<div class=\"elementor-element elementor-element-370a8b21 elementor-widget elementor-widget-image\" data-id=\"370a8b21\" data-element_type=\"widget\" data-e-type=\"widget\" data-settings=\"{&quot;_animation_tablet&quot;:&quot;slideInLeft&quot;}\" data-widget_type=\"image.default\">\n\t\t\t\t<div class=\"elementor-widget-container\">\n\t\t\t\t\t\t\t\t\t\t\t\t\t\t\t<img decoding=\"async\" src=\"https:\/\/dev.pluschem.com\/wp-content\/uploads\/elementor\/thumbs\/Food-and-Feed-Secondary-Desktop-650x500-1-peiara9ifa8kk2qyhr67mejnp071p5ufwcbzcscpvs.jpg\" title=\"Alimentos e ra\u00e7\u00f5es\" alt=\"Delicious snacks in an open bag illustrates PlusChem&#039;s expertise in the Food and Feed industry\" loading=\"lazy\" \/>\t\t\t\t\t\t\t\t\t\t\t\t\t\t\t<\/div>\n\t\t\t\t<\/div>\n\t\t\t\t\t<\/div>\n\t\t<\/div>\n\t\t\t\t<div class=\"elementor-column elementor-col-50 elementor-top-column elementor-element elementor-element-350a1909\" data-id=\"350a1909\" data-element_type=\"column\" data-e-type=\"column\">\n\t\t\t<div class=\"elementor-widget-wrap elementor-element-populated\">\n\t\t\t\t\t\t<div class=\"elementor-element elementor-element-65e3e250 elementor-hidden-tablet elementor-hidden-mobile elementor-widget elementor-widget-heading\" data-id=\"65e3e250\" data-element_type=\"widget\" data-e-type=\"widget\" data-widget_type=\"heading.default\">\n\t\t\t\t<div class=\"elementor-widget-container\">\n\t\t\t\t\t<h2 class=\"elementor-heading-title elementor-size-default\">Alimentos e ra\u00e7\u00f5es<\/h2>\t\t\t\t<\/div>\n\t\t\t\t<\/div>\n\t\t\t\t<div class=\"elementor-element elementor-element-700c8063 elementor-widget elementor-widget-text-editor\" data-id=\"700c8063\" data-element_type=\"widget\" data-e-type=\"widget\" data-widget_type=\"text-editor.default\">\n\t\t\t\t<div class=\"elementor-widget-container\">\n\t\t\t\t\t\t\t\t\t<p>Uma variedade de ingredientes para alimentos e ra\u00e7\u00f5es, incluindo conservantes, vitaminas, amino\u00e1cidos, a\u00e7\u00facares, aditivos gelificantes, minerais e elementos essenciais.<\/p><ul><li>Componentes ativos, aditivos e ingredientes para nutri\u00e7\u00e3o humana e animal<\/li><li>Estabilizadores\/conservantes<\/li><li>Extratos de plantas<\/li><li>Prote\u00ednas<\/li><li>Carbohidratos<\/li><li>Produtos de substitui\u00e7\u00e3o de gordura<\/li><li>Aditivos para latic\u00ednios\/bebidas\/sa\u00fade\/panifica\u00e7\u00e3o e confe\u00e7\u00e3o\/marisco e carne<\/li><li>Fortifica\u00e7\u00e3o mineral<\/li><li>Aromatizantes e corantes<\/li><\/ul><p> <\/p><p>Quer saber mais sobre <strong>Alimentos e ra\u00e7\u00f5es<\/strong>? Envie o formul\u00e1rio abaixo e iremos contact\u00e1-lo.<\/p>\t\t\t\t\t\t\t\t<\/div>\n\t\t\t\t<\/div>\n\t\t\t\t<div class=\"elementor-element elementor-element-52d5b3fe elementor-hidden-desktop elementor-hidden-tablet elementor-widget elementor-widget-image\" data-id=\"52d5b3fe\" data-element_type=\"widget\" data-e-type=\"widget\" data-widget_type=\"image.default\">\n\t\t\t\t<div class=\"elementor-widget-container\">\n\t\t\t\t\t\t\t\t\t\t\t\t\t\t\t<img decoding=\"async\" src=\"https:\/\/dev.pluschem.com\/wp-content\/uploads\/elementor\/thumbs\/Food-and-Feed-Secondary-Mobile-290x290-1-peiapz9gjotxbna7q7rccibiu354qt21rnfu9ccuz8.jpg\" title=\"Alimentos e ra\u00e7\u00f5es\" alt=\"Delicious snacks in an open bag illustrates PlusChem&#039;s expertise in the Food and Feed industry\" loading=\"lazy\" \/>\t\t\t\t\t\t\t\t\t\t\t\t\t\t\t<\/div>\n\t\t\t\t<\/div>\n\t\t\t\t<div class=\"elementor-element elementor-element-13a80ff elementor-tablet-button-align-stretch elementor-mobile-button-align-stretch elementor-button-align-stretch elementor-widget elementor-widget-form\" data-id=\"13a80ff\" data-element_type=\"widget\" data-e-type=\"widget\" data-settings=\"{&quot;step_next_label&quot;:&quot;Next&quot;,&quot;step_previous_label&quot;:&quot;Previous&quot;,&quot;button_width&quot;:&quot;40&quot;,&quot;step_type&quot;:&quot;none&quot;,&quot;button_width_tablet&quot;:&quot;40&quot;,&quot;button_width_mobile&quot;:&quot;50&quot;,&quot;step_icon_shape&quot;:&quot;circle&quot;}\" data-widget_type=\"form.default\">\n\t\t\t\t<div class=\"elementor-widget-container\">\n\t\t\t\t\t\t\t<form class=\"elementor-form\" method=\"post\" name=\"Fine and Specialty form\" aria-label=\"Fine and Specialty form\">\n\t\t\t<input type=\"hidden\" name=\"post_id\" value=\"14625\"\/>\n\t\t\t<input type=\"hidden\" name=\"form_id\" value=\"13a80ff\"\/>\n\t\t\t<input type=\"hidden\" name=\"referer_title\" value=\"Alimentos e ra\u00e7\u00f5es\" \/>\n\n\t\t\t\t\t\t\t<input type=\"hidden\" name=\"queried_id\" value=\"14625\"\/>\n\t\t\t\n\t\t\t<div class=\"elementor-form-fields-wrapper elementor-labels-above\">\n\t\t\t\t\t\t\t\t<div class=\"elementor-field-type-text elementor-field-group elementor-column elementor-field-group-name elementor-col-50 elementor-field-required elementor-mark-required\">\n\t\t\t\t\t\t\t\t\t\t\t\t<label for=\"form-field-name\" class=\"elementor-field-label\">\n\t\t\t\t\t\t\t\tNome\t\t\t\t\t\t\t<\/label>\n\t\t\t\t\t\t\t\t\t\t\t\t\t\t<input size=\"1\" type=\"text\" name=\"form_fields[name]\" id=\"form-field-name\" class=\"elementor-field elementor-size-md  elementor-field-textual\" required=\"required\">\n\t\t\t\t\t\t\t\t\t\t\t<\/div>\n\t\t\t\t\t\t\t\t<div class=\"elementor-field-type-email elementor-field-group elementor-column elementor-field-group-email elementor-col-50 elementor-field-required elementor-mark-required\">\n\t\t\t\t\t\t\t\t\t\t\t\t<label for=\"form-field-email\" class=\"elementor-field-label\">\n\t\t\t\t\t\t\t\t Correio eletr\u00f4nico\t\t\t\t\t\t\t<\/label>\n\t\t\t\t\t\t\t\t\t\t\t\t\t\t<input size=\"1\" type=\"email\" name=\"form_fields[email]\" id=\"form-field-email\" class=\"elementor-field elementor-size-md  elementor-field-textual\" required=\"required\">\n\t\t\t\t\t\t\t\t\t\t\t<\/div>\n\t\t\t\t\t\t\t\t<div class=\"elementor-field-type-acceptance elementor-field-group elementor-column elementor-field-group-acceptance elementor-col-100 elementor-field-required elementor-mark-required\">\n\t\t\t\t\t\t\t\t\t\t\t\t<label for=\"form-field-acceptance\" class=\"elementor-field-label\">\n\t\t\t\t\t\t\t\tAceita\u00e7\u00e3o\t\t\t\t\t\t\t<\/label>\n\t\t\t\t\t\t\t\t<div class=\"elementor-field-subgroup\">\n\t\t\t<span class=\"elementor-field-option\">\n\t\t\t\t<input type=\"checkbox\" name=\"form_fields[acceptance]\" id=\"form-field-acceptance\" class=\"elementor-field elementor-size-md  elementor-acceptance-field\" required=\"required\">\n\t\t\t\t<label for=\"form-field-acceptance\">Os dados pessoais fornecidos no preenchimento deste formul\u00e1rio ser\u00e3o processados pela PlusChem EEIG. O objetivo da recolha e processamento dos dados pessoais solicitados \u00e9 responder a pedidos de informa\u00e7\u00f5es da parte interessada e estabelecer ou manter rela\u00e7\u00f5es comerciais. A legitima\u00e7\u00e3o \u00e9 feita atrav\u00e9s do consentimento da parte interessada e do interesse leg\u00edtimo no desenvolvimento de uma rela\u00e7\u00e3o comercial. O destinat\u00e1rio desta informa\u00e7\u00e3o \u00e9 a PlusChem EEIG. O utilizador tem o direito de acesso, retifica\u00e7\u00e3o, elimina\u00e7\u00e3o, limita\u00e7\u00e3o, oposi\u00e7\u00e3o e portabilidade de todos os seus dados. Para mais informa\u00e7\u00f5es, consulte a nossa Pol\u00edtica de Privacidade.     <\/label>\t\t\t<\/span>\n\t\t<\/div>\n\t\t\t\t\t\t<\/div>\n\t\t\t\t\t\t\t\t<div class=\"elementor-field-type-recaptcha_v3 elementor-field-group elementor-column elementor-field-group-field_7fb4156 elementor-col-100 recaptcha_v3-bottomright\">\n\t\t\t\t\t<div class=\"elementor-field\" id=\"form-field-field_7fb4156\"><div class=\"elementor-g-recaptcha\" data-sitekey=\"6LcFjvgUAAAAAOdN_9fJU0uam-rkFSgDHMvG6B_q\" data-type=\"v3\" data-action=\"Form\" data-badge=\"bottomright\" data-size=\"invisible\"><\/div><\/div>\t\t\t\t<\/div>\n\t\t\t\t\t\t\t\t<div class=\"elementor-field-group elementor-column elementor-field-type-submit elementor-col-40 e-form__buttons elementor-md-40 elementor-sm-50\">\n\t\t\t\t\t<button class=\"elementor-button elementor-size-sm\" type=\"submit\">\n\t\t\t\t\t\t<span class=\"elementor-button-content-wrapper\">\n\t\t\t\t\t\t\t\t\t\t\t\t\t\t\t<span class=\"elementor-button-icon\">\n\t\t\t\t\t\t\t\t\t<i aria-hidden=\"true\" class=\"fas fa-check\"><\/i>\t\t\t\t\t\t\t\t\t\t\t\t\t\t\t\t\t<\/span>\n\t\t\t\t\t\t\t\t\t\t\t\t\t\t\t\t\t\t\t\t\t\t<span class=\"elementor-button-text\">Enviar<\/span>\n\t\t\t\t\t\t\t\t\t\t\t\t\t<\/span>\n\t\t\t\t\t<\/button>\n\t\t\t\t<\/div>\n\t\t\t<\/div>\n\t\t<\/form>\n\t\t\t\t\t\t<\/div>\n\t\t\t\t<\/div>\n\t\t\t\t\t<\/div>\n\t\t<\/div>\n\t\t\t\t\t<\/div>\n\t\t<\/section>\n\t\t\t\t<section class=\"elementor-section elementor-top-section elementor-element elementor-element-7c5cdcf8 elementor-section-boxed elementor-section-height-default elementor-section-height-default\" data-id=\"7c5cdcf8\" data-element_type=\"section\" data-e-type=\"section\">\n\t\t\t\t\t\t<div class=\"elementor-container elementor-column-gap-default\">\n\t\t\t\t\t<div class=\"elementor-column elementor-col-100 elementor-top-column elementor-element elementor-element-5d82fd3b\" data-id=\"5d82fd3b\" data-element_type=\"column\" data-e-type=\"column\">\n\t\t\t<div class=\"elementor-widget-wrap elementor-element-populated\">\n\t\t\t\t\t\t<div class=\"elementor-element elementor-element-4c88f747 elementor-widget elementor-widget-spacer\" data-id=\"4c88f747\" data-element_type=\"widget\" data-e-type=\"widget\" data-widget_type=\"spacer.default\">\n\t\t\t\t<div class=\"elementor-widget-container\">\n\t\t\t\t\t\t\t<div class=\"elementor-spacer\">\n\t\t\t<div class=\"elementor-spacer-inner\"><\/div>\n\t\t<\/div>\n\t\t\t\t\t\t<\/div>\n\t\t\t\t<\/div>\n\t\t\t\t\t<\/div>\n\t\t<\/div>\n\t\t\t\t\t<\/div>\n\t\t<\/section>\n\t\t\t\t<\/div>\n\t\t","protected":false},"excerpt":{"rendered":"<p>Categorias qu\u00edmicas Uma variedade de ingredientes para alimentos e ra\u00e7\u00f5es, incluindo conservantes, vitaminas, amino\u00e1cidos, a\u00e7\u00facares, aditivos gelificantes, minerais e elementos essenciais. Componentes ativos, aditivos e ingredientes para nutri\u00e7\u00e3o humana e animal Estabilizadores\/conservantes Extratos de plantas Prote\u00ednas Carbohidratos Produtos de substitui\u00e7\u00e3o de gordura Aditivos para latic\u00ednios\/bebidas\/sa\u00fade\/panifica\u00e7\u00e3o e confe\u00e7\u00e3o\/marisco e carne Fortifica\u00e7\u00e3o mineral Aromatizantes e corantes Quer [&hellip;]<\/p>\n","protected":false},"author":1,"featured_media":9867,"parent":14561,"menu_order":7,"comment_status":"closed","ping_status":"closed","template":"elementor_header_footer","meta":{"_seopress_robots_primary_cat":"","_seopress_titles_title":"%%sitetitle%% %%sep%% %%post_title%%","_seopress_titles_desc":"A range of food and animal feed ingredients including preservatives, vitamins, amino acids, sugars, gelling additives, minerals and essential elements.","_seopress_robots_index":"","footnotes":""},"class_list":["post-14625","page","type-page","status-publish","has-post-thumbnail","hentry"],"_links":{"self":[{"href":"https:\/\/dev.pluschem.com\/pt-br\/wp-json\/wp\/v2\/pages\/14625","targetHints":{"allow":["GET"]}}],"collection":[{"href":"https:\/\/dev.pluschem.com\/pt-br\/wp-json\/wp\/v2\/pages"}],"about":[{"href":"https:\/\/dev.pluschem.com\/pt-br\/wp-json\/wp\/v2\/types\/page"}],"author":[{"embeddable":true,"href":"https:\/\/dev.pluschem.com\/pt-br\/wp-json\/wp\/v2\/users\/1"}],"replies":[{"embeddable":true,"href":"https:\/\/dev.pluschem.com\/pt-br\/wp-json\/wp\/v2\/comments?post=14625"}],"version-history":[{"count":0,"href":"https:\/\/dev.pluschem.com\/pt-br\/wp-json\/wp\/v2\/pages\/14625\/revisions"}],"up":[{"embeddable":true,"href":"https:\/\/dev.pluschem.com\/pt-br\/wp-json\/wp\/v2\/pages\/14561"}],"wp:featuredmedia":[{"embeddable":true,"href":"https:\/\/dev.pluschem.com\/pt-br\/wp-json\/wp\/v2\/media\/9867"}],"wp:attachment":[{"href":"https:\/\/dev.pluschem.com\/pt-br\/wp-json\/wp\/v2\/media?parent=14625"}],"curies":[{"name":"wp","href":"https:\/\/api.w.org\/{rel}","templated":true}]}}