{"id":19557,"date":"2021-04-12T12:12:37","date_gmt":"2021-04-12T12:12:37","guid":{"rendered":"https:\/\/pluschem.com\/about-us\/"},"modified":"2023-01-17T12:16:29","modified_gmt":"2023-01-17T12:16:29","slug":"about-us","status":"publish","type":"page","link":"https:\/\/dev.pluschem.com\/tr\/about-us\/","title":{"rendered":"PLUSCHEM HAKKINDA"},"content":{"rendered":"\t\t<div data-elementor-type=\"wp-page\" data-elementor-id=\"19557\" class=\"elementor elementor-19557 elementor-602\" data-elementor-post-type=\"page\">\n\t\t\t\t\t\t<section class=\"elementor-section elementor-top-section elementor-element elementor-element-5cb044e2 elementor-section-full_width elementor-section-height-min-height elementor-section-items-stretch elementor-section-content-middle elementor-section-height-default\" data-id=\"5cb044e2\" data-element_type=\"section\" data-e-type=\"section\" data-settings=\"{&quot;background_background&quot;:&quot;classic&quot;}\">\n\t\t\t\t\t\t<div class=\"elementor-container elementor-column-gap-default\">\n\t\t\t\t\t<div class=\"elementor-column elementor-col-100 elementor-top-column elementor-element elementor-element-20c3ee4d\" data-id=\"20c3ee4d\" data-element_type=\"column\" data-e-type=\"column\">\n\t\t\t<div class=\"elementor-widget-wrap elementor-element-populated\">\n\t\t\t\t\t\t\t<\/div>\n\t\t<\/div>\n\t\t\t\t\t<\/div>\n\t\t<\/section>\n\t\t\t\t<section class=\"elementor-section elementor-top-section elementor-element elementor-element-5ecd499 elementor-section-boxed elementor-section-height-default elementor-section-height-default\" data-id=\"5ecd499\" data-element_type=\"section\" data-e-type=\"section\">\n\t\t\t\t\t\t<div class=\"elementor-container elementor-column-gap-default\">\n\t\t\t\t\t<div class=\"elementor-column elementor-col-100 elementor-top-column elementor-element elementor-element-f7babab\" data-id=\"f7babab\" data-element_type=\"column\" data-e-type=\"column\">\n\t\t\t<div class=\"elementor-widget-wrap elementor-element-populated\">\n\t\t\t\t\t\t<div class=\"elementor-element elementor-element-5dc4068 elementor-widget elementor-widget-spacer\" data-id=\"5dc4068\" data-element_type=\"widget\" data-e-type=\"widget\" data-widget_type=\"spacer.default\">\n\t\t\t\t<div class=\"elementor-widget-container\">\n\t\t\t\t\t\t\t<div class=\"elementor-spacer\">\n\t\t\t<div class=\"elementor-spacer-inner\"><\/div>\n\t\t<\/div>\n\t\t\t\t\t\t<\/div>\n\t\t\t\t<\/div>\n\t\t\t\t\t<\/div>\n\t\t<\/div>\n\t\t\t\t\t<\/div>\n\t\t<\/section>\n\t\t\t\t<section class=\"elementor-section elementor-top-section elementor-element elementor-element-1e84e84 elementor-section-boxed elementor-section-height-default elementor-section-height-default\" data-id=\"1e84e84\" data-element_type=\"section\" data-e-type=\"section\">\n\t\t\t\t\t\t<div class=\"elementor-container elementor-column-gap-no\">\n\t\t\t\t\t<div class=\"elementor-column elementor-col-100 elementor-top-column elementor-element elementor-element-d764e82\" data-id=\"d764e82\" data-element_type=\"column\" data-e-type=\"column\">\n\t\t\t<div class=\"elementor-widget-wrap elementor-element-populated\">\n\t\t\t\t\t\t<div class=\"elementor-element elementor-element-5293230 elementor-widget elementor-widget-heading\" data-id=\"5293230\" data-element_type=\"widget\" data-e-type=\"widget\" data-widget_type=\"heading.default\">\n\t\t\t\t<div class=\"elementor-widget-container\">\n\t\t\t\t\t<h2 class=\"elementor-heading-title elementor-size-default\">Uzmanl\u0131k sergileyen ve i\u015f ili\u015fkileri kuran hikayemiz<\/h2>\t\t\t\t<\/div>\n\t\t\t\t<\/div>\n\t\t\t\t\t<\/div>\n\t\t<\/div>\n\t\t\t\t\t<\/div>\n\t\t<\/section>\n\t\t\t\t<section class=\"elementor-section elementor-top-section elementor-element elementor-element-760e3bd elementor-section-boxed elementor-section-height-default elementor-section-height-default\" data-id=\"760e3bd\" data-element_type=\"section\" data-e-type=\"section\">\n\t\t\t\t\t\t<div class=\"elementor-container elementor-column-gap-default\">\n\t\t\t\t\t<div class=\"elementor-column elementor-col-100 elementor-top-column elementor-element elementor-element-81e4009\" data-id=\"81e4009\" data-element_type=\"column\" data-e-type=\"column\">\n\t\t\t<div class=\"elementor-widget-wrap elementor-element-populated\">\n\t\t\t\t\t\t<div class=\"elementor-element elementor-element-218122e elementor-widget elementor-widget-spacer\" data-id=\"218122e\" data-element_type=\"widget\" data-e-type=\"widget\" data-widget_type=\"spacer.default\">\n\t\t\t\t<div class=\"elementor-widget-container\">\n\t\t\t\t\t\t\t<div class=\"elementor-spacer\">\n\t\t\t<div class=\"elementor-spacer-inner\"><\/div>\n\t\t<\/div>\n\t\t\t\t\t\t<\/div>\n\t\t\t\t<\/div>\n\t\t\t\t\t<\/div>\n\t\t<\/div>\n\t\t\t\t\t<\/div>\n\t\t<\/section>\n\t\t\t\t<section class=\"elementor-section elementor-top-section elementor-element elementor-element-ffa1116 elementor-reverse-mobile elementor-section-boxed elementor-section-height-default elementor-section-height-default\" data-id=\"ffa1116\" data-element_type=\"section\" data-e-type=\"section\">\n\t\t\t\t\t\t<div class=\"elementor-container elementor-column-gap-no\">\n\t\t\t\t\t<div class=\"elementor-column elementor-col-50 elementor-top-column elementor-element elementor-element-9bae49e\" data-id=\"9bae49e\" data-element_type=\"column\" data-e-type=\"column\">\n\t\t\t<div class=\"elementor-widget-wrap elementor-element-populated\">\n\t\t\t\t\t\t<div class=\"elementor-element elementor-element-619429e elementor-hidden-tablet elementor-hidden-mobile elementor-widget elementor-widget-text-editor\" data-id=\"619429e\" data-element_type=\"widget\" data-e-type=\"widget\" data-widget_type=\"text-editor.default\">\n\t\t\t\t<div class=\"elementor-widget-container\">\n\t\t\t\t\t\t\t\t\t<p>Yakla\u015f\u0131k 20 y\u0131l \u00f6nce, \u00f6zellikli kimyasal madde pazar\u0131n\u0131n d\u00fcnya \u00e7ap\u0131nda \u00e7ok say\u0131da payda\u015f i\u00e7in yeteri kadar iyi i\u015f yapmad\u0131\u011f\u0131 a\u00e7\u0131k\u00e7a ortaya \u00e7\u0131kt\u0131. Y\u00fcksek kalite, \u00fcretim uzmanlar\u0131 Avrupa\u2019da \u00fcr\u00fcnlerine talep oldu\u011funu biliyordu ancak do\u011fru ba\u011flant\u0131lar\u0131 kurmakta zorland\u0131lar. Ve Avrupa \u00e7ap\u0131nda geni\u015f kapsaml\u0131 uzmanl\u0131\u011fa, pazar bilgisi ve anlay\u0131\u015f\u0131na sahip olan kimyasal madde distrib\u00fct\u00f6rleri do\u011fru tedarik\u00e7iyi bulmakta genellikle zorland\u0131lar.<\/p><p>Bir tak\u0131m olarak, sekt\u00f6rde uzun y\u0131llar\u0131n tecr\u00fcbesine sahibiz ve bu alanda daha iyi bir y\u00f6ntem olmas\u0131 gerekti\u011finin fark\u0131na vard\u0131k. \u00dcreticilerin m\u00fc\u015fterilere ihtiyac\u0131 oldu\u011funu ve distrib\u00fct\u00f6rlerin birlikte \u00e7al\u0131\u015fmaya ve son m\u00fc\u015fterilerine hizmet sa\u011flamak i\u00e7in g\u00fcvenebilecekleri iddial\u0131 \u00fcreticilerle g\u00fc\u00e7l\u00fc ba\u011flant\u0131lar kurmaya ihtiyac\u0131 oldu\u011funu biliyorduk.<\/p>\t\t\t\t\t\t\t\t<\/div>\n\t\t\t\t<\/div>\n\t\t\t\t<div class=\"elementor-element elementor-element-4d4dd1b elementor-hidden-desktop elementor-widget elementor-widget-text-editor\" data-id=\"4d4dd1b\" data-element_type=\"widget\" data-e-type=\"widget\" data-widget_type=\"text-editor.default\">\n\t\t\t\t<div class=\"elementor-widget-container\">\n\t\t\t\t\t\t\t\t\t<p>Yakla\u015f\u0131k 20 y\u0131l \u00f6nce, \u00f6zellikli kimyasal madde pazar\u0131n\u0131n d\u00fcnya \u00e7ap\u0131nda \u00e7ok say\u0131da payda\u015f i\u00e7in yeteri kadar iyi i\u015f yapmad\u0131\u011f\u0131 a\u00e7\u0131k\u00e7a ortaya \u00e7\u0131kt\u0131.<\/p>\t\t\t\t\t\t\t\t<\/div>\n\t\t\t\t<\/div>\n\t\t\t\t<div class=\"elementor-element elementor-element-a550049 elementor-hidden-desktop elementor-widget elementor-widget-toggle\" data-id=\"a550049\" data-element_type=\"widget\" data-e-type=\"widget\" data-widget_type=\"toggle.default\">\n\t\t\t\t<div class=\"elementor-widget-container\">\n\t\t\t\t\t\t\t<div class=\"elementor-toggle\">\n\t\t\t\t\t\t\t<div class=\"elementor-toggle-item\">\n\t\t\t\t\t<div id=\"elementor-tab-title-1731\" class=\"elementor-tab-title\" data-tab=\"1\" role=\"button\" aria-controls=\"elementor-tab-content-1731\" aria-expanded=\"false\">\n\t\t\t\t\t\t\t\t\t\t\t\t<a class=\"elementor-toggle-title\" tabindex=\"0\">Read more<\/a>\n\t\t\t\t\t<\/div>\n\n\t\t\t\t\t<div id=\"elementor-tab-content-1731\" class=\"elementor-tab-content elementor-clearfix\" data-tab=\"1\" role=\"region\" aria-labelledby=\"elementor-tab-title-1731\"><p>Y\u00fcksek kalite, \u00fcretim uzmanlar\u0131 Avrupa\u2019da \u00fcr\u00fcnlerine talep oldu\u011funu biliyordu ancak do\u011fru ba\u011flant\u0131lar\u0131 kurmakta zorland\u0131lar. Ve Avrupa \u00e7ap\u0131nda geni\u015f kapsaml\u0131 uzmanl\u0131\u011fa, pazar bilgisi ve anlay\u0131\u015f\u0131na sahip olan kimyasal madde distrib\u00fct\u00f6rleri do\u011fru tedarik\u00e7iyi bulmakta genellikle zorland\u0131lar.<br \/>Bir tak\u0131m olarak, sekt\u00f6rde uzun y\u0131llar\u0131n tecr\u00fcbesine sahibiz ve bu alanda daha iyi bir y\u00f6ntem olmas\u0131 gerekti\u011finin fark\u0131na vard\u0131k. \u00dcreticilerin m\u00fc\u015fterilere ihtiyac\u0131 oldu\u011funu ve distrib\u00fct\u00f6rlerin birlikte \u00e7al\u0131\u015fmaya ve son m\u00fc\u015fterilerine hizmet sa\u011flamak i\u00e7in g\u00fcvenebilecekleri iddial\u0131 \u00fcreticilerle g\u00fc\u00e7l\u00fc ba\u011flant\u0131lar kurmaya ihtiyac\u0131 oldu\u011funu biliyorduk.<\/p><\/div>\n\t\t\t\t<\/div>\n\t\t\t\t\t\t\t\t<\/div>\n\t\t\t\t\t\t<\/div>\n\t\t\t\t<\/div>\n\t\t\t\t\t<\/div>\n\t\t<\/div>\n\t\t\t\t<div class=\"elementor-column elementor-col-50 elementor-top-column elementor-element elementor-element-d06df90\" data-id=\"d06df90\" data-element_type=\"column\" data-e-type=\"column\">\n\t\t\t<div class=\"elementor-widget-wrap elementor-element-populated\">\n\t\t\t\t\t\t<div class=\"elementor-element elementor-element-160bc0e elementor-widget elementor-widget-image\" data-id=\"160bc0e\" data-element_type=\"widget\" data-e-type=\"widget\" data-widget_type=\"image.default\">\n\t\t\t\t<div class=\"elementor-widget-container\">\n\t\t\t\t\t\t\t\t\t\t\t\t\t\t\t<img decoding=\"async\" src=\"https:\/\/dev.pluschem.com\/wp-content\/uploads\/elementor\/thumbs\/PlusChem-Our-Story-1000x650-1-peifi2jyg3rhrajq04h3hvby5c980q5d3ylewoqxd0.jpg\" title=\"A lighter moment during business negotiations\" alt=\"A lighter moment during business negotiations\" loading=\"lazy\" \/>\t\t\t\t\t\t\t\t\t\t\t\t\t\t\t<\/div>\n\t\t\t\t<\/div>\n\t\t\t\t\t<\/div>\n\t\t<\/div>\n\t\t\t\t\t<\/div>\n\t\t<\/section>\n\t\t\t\t<section class=\"elementor-section elementor-top-section elementor-element elementor-element-dfd3a59 elementor-section-boxed elementor-section-height-default elementor-section-height-default\" data-id=\"dfd3a59\" data-element_type=\"section\" data-e-type=\"section\">\n\t\t\t\t\t\t<div class=\"elementor-container elementor-column-gap-default\">\n\t\t\t\t\t<div class=\"elementor-column elementor-col-100 elementor-top-column elementor-element elementor-element-64eaec1\" data-id=\"64eaec1\" data-element_type=\"column\" data-e-type=\"column\">\n\t\t\t<div class=\"elementor-widget-wrap elementor-element-populated\">\n\t\t\t\t\t\t<div class=\"elementor-element elementor-element-703f576 elementor-widget elementor-widget-spacer\" data-id=\"703f576\" data-element_type=\"widget\" data-e-type=\"widget\" data-widget_type=\"spacer.default\">\n\t\t\t\t<div class=\"elementor-widget-container\">\n\t\t\t\t\t\t\t<div class=\"elementor-spacer\">\n\t\t\t<div class=\"elementor-spacer-inner\"><\/div>\n\t\t<\/div>\n\t\t\t\t\t\t<\/div>\n\t\t\t\t<\/div>\n\t\t\t\t\t<\/div>\n\t\t<\/div>\n\t\t\t\t\t<\/div>\n\t\t<\/section>\n\t\t\t\t<section class=\"elementor-section elementor-top-section elementor-element elementor-element-24b620d elementor-section-boxed elementor-section-height-default elementor-section-height-default\" data-id=\"24b620d\" data-element_type=\"section\" data-e-type=\"section\">\n\t\t\t\t\t\t<div class=\"elementor-container elementor-column-gap-no\">\n\t\t\t\t\t<div class=\"elementor-column elementor-col-50 elementor-top-column elementor-element elementor-element-aab1c8a\" data-id=\"aab1c8a\" data-element_type=\"column\" data-e-type=\"column\">\n\t\t\t<div class=\"elementor-widget-wrap elementor-element-populated\">\n\t\t\t\t\t\t<div class=\"elementor-element elementor-element-11e397a elementor-widget elementor-widget-image\" data-id=\"11e397a\" data-element_type=\"widget\" data-e-type=\"widget\" data-widget_type=\"image.default\">\n\t\t\t\t<div class=\"elementor-widget-container\">\n\t\t\t\t\t\t\t\t\t\t\t\t\t\t\t<img decoding=\"async\" src=\"https:\/\/dev.pluschem.com\/wp-content\/uploads\/elementor\/thumbs\/PlusChem-Local-Market-Knowledge-1000x650-1-peikhojqdfmy8vni79fpg1nsiwz5um6wsyaj74fqec.jpg\" title=\"PlusChem &#8211; an independent broker facilitating the trade of high quality chemicals between manufacturers and distributors\" alt=\"PlusChem - an independent broker facilitating the trade of high quality chemicals between manufacturers and distributors\" loading=\"lazy\" \/>\t\t\t\t\t\t\t\t\t\t\t\t\t\t\t<\/div>\n\t\t\t\t<\/div>\n\t\t\t\t\t<\/div>\n\t\t<\/div>\n\t\t\t\t<div class=\"elementor-column elementor-col-50 elementor-top-column elementor-element elementor-element-eadf4c0\" data-id=\"eadf4c0\" data-element_type=\"column\" data-e-type=\"column\">\n\t\t\t<div class=\"elementor-widget-wrap elementor-element-populated\">\n\t\t\t\t\t\t<div class=\"elementor-element elementor-element-3061cdf animated-fast elementor-invisible elementor-widget elementor-widget-heading\" data-id=\"3061cdf\" data-element_type=\"widget\" data-e-type=\"widget\" data-settings=\"{&quot;_animation&quot;:&quot;fadeIn&quot;,&quot;_animation_mobile&quot;:&quot;slideInRight&quot;,&quot;_animation_delay&quot;:250}\" data-widget_type=\"heading.default\">\n\t\t\t\t<div class=\"elementor-widget-container\">\n\t\t\t\t\t<h2 class=\"elementor-heading-title elementor-size-default\">Yerel Pazar Bilgisi<\/h2>\t\t\t\t<\/div>\n\t\t\t\t<\/div>\n\t\t\t\t<div class=\"elementor-element elementor-element-49524be elementor-hidden-tablet elementor-hidden-mobile elementor-widget elementor-widget-text-editor\" data-id=\"49524be\" data-element_type=\"widget\" data-e-type=\"widget\" data-widget_type=\"text-editor.default\">\n\t\t\t\t<div class=\"elementor-widget-container\">\n\t\t\t\t\t\t\t\t\t<p>Ve bunun \u00fczerine, 2000 y\u0131l\u0131nda PlusChem do\u011fdu. Art\u0131k her iki taraf i\u00e7in i\u015f ba\u011flant\u0131lar\u0131 kurabilen ve herkes i\u00e7in bir \u00e7\u00f6z\u00fcm geli\u015ftirebilen ba\u011f\u0131ms\u0131z bir komisyoncu vard\u0131. K\u0131sacas\u0131, kendi alanlar\u0131nda uzman olan iki taraf \u2013 \u00fcreticiler ve m\u00fc\u015fteriler \u2013 aras\u0131nda y\u00fcksek kaliteli kimyasal maddelerin ticaretine olanak sa\u011flamada eksik olan uzmanl\u0131\u011fa sahiptik.<\/p><p>Yirmi y\u0131l sonra, PlusChem\u2018in \u00f6zellikli ve ince kimyasal maddelere \u00f6zel bir ilgisi olan, Avrupa merkezli \u00e7ok uluslu bir distrib\u00fct\u00f6r a\u011f\u0131 oldu\u011funu s\u00f6ylemekten gurur duyuyoruz. 1.5 milyar Euro\u2019luk bir toplam i\u015f hacmiyle, her biri ba\u011f\u0131ms\u0131z ve \u00f6zel olan be\u015f Avrupa \u015firketi ve sekiz uluslararas\u0131 \u015firket kurduk.<\/p>\t\t\t\t\t\t\t\t<\/div>\n\t\t\t\t<\/div>\n\t\t\t\t<div class=\"elementor-element elementor-element-d0ba445 elementor-hidden-desktop elementor-widget elementor-widget-text-editor\" data-id=\"d0ba445\" data-element_type=\"widget\" data-e-type=\"widget\" data-widget_type=\"text-editor.default\">\n\t\t\t\t<div class=\"elementor-widget-container\">\n\t\t\t\t\t\t\t\t\t<p>Ve bunun \u00fczerine, 2000 y\u0131l\u0131nda PlusChem do\u011fdu. Art\u0131k her iki taraf i\u00e7in i\u015f ba\u011flant\u0131lar\u0131 kurabilen ve herkes i\u00e7in bir \u00e7\u00f6z\u00fcm geli\u015ftirebilen ba\u011f\u0131ms\u0131z bir komisyoncu vard\u0131.<\/p>\t\t\t\t\t\t\t\t<\/div>\n\t\t\t\t<\/div>\n\t\t\t\t<div class=\"elementor-element elementor-element-00843bb elementor-hidden-desktop elementor-widget elementor-widget-toggle\" data-id=\"00843bb\" data-element_type=\"widget\" data-e-type=\"widget\" data-widget_type=\"toggle.default\">\n\t\t\t\t<div class=\"elementor-widget-container\">\n\t\t\t\t\t\t\t<div class=\"elementor-toggle\">\n\t\t\t\t\t\t\t<div class=\"elementor-toggle-item\">\n\t\t\t\t\t<div id=\"elementor-tab-title-5411\" class=\"elementor-tab-title\" data-tab=\"1\" role=\"button\" aria-controls=\"elementor-tab-content-5411\" aria-expanded=\"false\">\n\t\t\t\t\t\t\t\t\t\t\t\t<a class=\"elementor-toggle-title\" tabindex=\"0\">Read more<\/a>\n\t\t\t\t\t<\/div>\n\n\t\t\t\t\t<div id=\"elementor-tab-content-5411\" class=\"elementor-tab-content elementor-clearfix\" data-tab=\"1\" role=\"region\" aria-labelledby=\"elementor-tab-title-5411\"><p>K\u0131sacas\u0131, kendi alanlar\u0131nda uzman olan iki taraf \u2013 \u00fcreticiler ve m\u00fc\u015fteriler \u2013 aras\u0131nda y\u00fcksek kaliteli kimyasal maddelerin ticaretine olanak sa\u011flamada eksik olan uzmanl\u0131\u011fa sahiptik.<br \/>Yirmi y\u0131l sonra, PlusChem\u2018in \u00f6zellikli ve ince kimyasal maddelere \u00f6zel bir ilgisi olan, Avrupa merkezli \u00e7ok uluslu bir distrib\u00fct\u00f6r a\u011f\u0131 oldu\u011funu s\u00f6ylemekten gurur duyuyoruz. 1.5 milyar Euro\u2019luk bir toplam i\u015f hacmiyle, her biri ba\u011f\u0131ms\u0131z ve \u00f6zel olan be\u015f Avrupa \u015firketi ve sekiz uluslararas\u0131 \u015firket kurduk.<\/p><\/div>\n\t\t\t\t<\/div>\n\t\t\t\t\t\t\t\t<\/div>\n\t\t\t\t\t\t<\/div>\n\t\t\t\t<\/div>\n\t\t\t\t<div class=\"elementor-element elementor-element-15632a6 elementor-align-left elementor-tablet-align-left elementor-hidden-tablet elementor-hidden-mobile elementor-widget elementor-widget-button\" data-id=\"15632a6\" data-element_type=\"widget\" data-e-type=\"widget\" data-widget_type=\"button.default\">\n\t\t\t\t<div class=\"elementor-widget-container\">\n\t\t\t\t\t\t\t\t\t<div class=\"elementor-button-wrapper\">\n\t\t\t\t\t<a class=\"elementor-button elementor-button-link elementor-size-xs\" href=\"https:\/\/dev.pluschem.com\/tr\/our-members\/\">\n\t\t\t\t\t\t<span class=\"elementor-button-content-wrapper\">\n\t\t\t\t\t\t\t\t\t<span class=\"elementor-button-text\">\u00dcyelerimiz<\/span>\n\t\t\t\t\t<\/span>\n\t\t\t\t\t<\/a>\n\t\t\t\t<\/div>\n\t\t\t\t\t\t\t\t<\/div>\n\t\t\t\t<\/div>\n\t\t\t\t\t<\/div>\n\t\t<\/div>\n\t\t\t\t\t<\/div>\n\t\t<\/section>\n\t\t\t\t<section class=\"elementor-section elementor-top-section elementor-element elementor-element-bc427d9 elementor-section-boxed elementor-section-height-default elementor-section-height-default\" data-id=\"bc427d9\" data-element_type=\"section\" data-e-type=\"section\">\n\t\t\t\t\t\t<div class=\"elementor-container elementor-column-gap-default\">\n\t\t\t\t\t<div class=\"elementor-column elementor-col-100 elementor-top-column elementor-element elementor-element-c6261dc\" data-id=\"c6261dc\" data-element_type=\"column\" data-e-type=\"column\">\n\t\t\t<div class=\"elementor-widget-wrap elementor-element-populated\">\n\t\t\t\t\t\t<div class=\"elementor-element elementor-element-be6fef3 elementor-widget elementor-widget-spacer\" data-id=\"be6fef3\" data-element_type=\"widget\" data-e-type=\"widget\" data-widget_type=\"spacer.default\">\n\t\t\t\t<div class=\"elementor-widget-container\">\n\t\t\t\t\t\t\t<div class=\"elementor-spacer\">\n\t\t\t<div class=\"elementor-spacer-inner\"><\/div>\n\t\t<\/div>\n\t\t\t\t\t\t<\/div>\n\t\t\t\t<\/div>\n\t\t\t\t\t<\/div>\n\t\t<\/div>\n\t\t\t\t\t<\/div>\n\t\t<\/section>\n\t\t\t\t<section class=\"elementor-section elementor-top-section elementor-element elementor-element-431deac4 elementor-section-content-middle animated-fast elementor-section-boxed elementor-section-height-default elementor-section-height-default\" data-id=\"431deac4\" data-element_type=\"section\" data-e-type=\"section\" data-settings=\"{&quot;animation&quot;:&quot;none&quot;,&quot;animation_tablet&quot;:&quot;none&quot;,&quot;animation_mobile&quot;:&quot;none&quot;}\">\n\t\t\t\t\t\t<div class=\"elementor-container elementor-column-gap-default\">\n\t\t\t\t\t<div class=\"elementor-column elementor-col-100 elementor-top-column elementor-element elementor-element-1f005d2\" data-id=\"1f005d2\" data-element_type=\"column\" data-e-type=\"column\" data-settings=\"{&quot;animation&quot;:&quot;none&quot;,&quot;animation_delay&quot;:250}\">\n\t\t\t<div class=\"elementor-widget-wrap elementor-element-populated\">\n\t\t\t\t\t\t<section class=\"elementor-section elementor-inner-section elementor-element elementor-element-22f03ac2 elementor-section-height-min-height elementor-section-content-middle elementor-section-boxed elementor-section-height-default elementor-invisible\" data-id=\"22f03ac2\" data-element_type=\"section\" data-e-type=\"section\" data-settings=\"{&quot;background_background&quot;:&quot;gradient&quot;,&quot;animation&quot;:&quot;fadeIn&quot;,&quot;animation_tablet&quot;:&quot;fadeIn&quot;,&quot;animation_mobile&quot;:&quot;slideInDown&quot;,&quot;shape_divider_top&quot;:&quot;opacity-tilt&quot;}\">\n\t\t\t\t\t<div class=\"elementor-shape elementor-shape-top\" aria-hidden=\"true\" data-negative=\"false\">\n\t\t\t<svg xmlns=\"http:\/\/www.w3.org\/2000\/svg\" viewBox=\"0 0 2600 131.1\" preserveAspectRatio=\"none\">\n\t<path class=\"elementor-shape-fill\" d=\"M0 0L2600 0 2600 69.1 0 0z\"\/>\n\t<path class=\"elementor-shape-fill\" style=\"opacity:0.5\" d=\"M0 0L2600 0 2600 69.1 0 69.1z\"\/>\n\t<path class=\"elementor-shape-fill\" style=\"opacity:0.25\" d=\"M2600 0L0 0 0 130.1 2600 69.1z\"\/>\n<\/svg>\t\t<\/div>\n\t\t\t\t\t<div class=\"elementor-container elementor-column-gap-default\">\n\t\t\t\t\t<div class=\"elementor-column elementor-col-66 elementor-inner-column elementor-element elementor-element-53c010cc\" data-id=\"53c010cc\" data-element_type=\"column\" data-e-type=\"column\" data-settings=\"{&quot;animation&quot;:&quot;none&quot;}\">\n\t\t\t<div class=\"elementor-widget-wrap elementor-element-populated\">\n\t\t\t\t\t\t<div class=\"elementor-element elementor-element-40558a1a elementor-invisible elementor-widget elementor-widget-heading\" data-id=\"40558a1a\" data-element_type=\"widget\" data-e-type=\"widget\" data-settings=\"{&quot;_animation&quot;:&quot;slideInLeft&quot;,&quot;_animation_delay&quot;:500,&quot;_animation_mobile&quot;:&quot;slideInRight&quot;}\" data-widget_type=\"heading.default\">\n\t\t\t\t<div class=\"elementor-widget-container\">\n\t\t\t\t\t<h3 class=\"elementor-heading-title elementor-size-default\">Her zaman yeni ortakl\u0131klar ar\u0131yoruz. Bug\u00fcn bize ula\u015f\u0131n.<\/h3>\t\t\t\t<\/div>\n\t\t\t\t<\/div>\n\t\t\t\t\t<\/div>\n\t\t<\/div>\n\t\t\t\t<div class=\"elementor-column elementor-col-33 elementor-inner-column elementor-element elementor-element-7d46b41a\" data-id=\"7d46b41a\" data-element_type=\"column\" data-e-type=\"column\">\n\t\t\t<div class=\"elementor-widget-wrap elementor-element-populated\">\n\t\t\t\t\t\t<div class=\"elementor-element elementor-element-59deff5a elementor-align-left elementor-mobile-align-center elementor-widget-mobile__width-auto elementor-tablet-align-center elementor-invisible elementor-widget elementor-widget-button\" data-id=\"59deff5a\" data-element_type=\"widget\" data-e-type=\"widget\" data-settings=\"{&quot;_animation&quot;:&quot;slideInRight&quot;,&quot;_animation_delay&quot;:250,&quot;_animation_mobile&quot;:&quot;slideInUp&quot;}\" data-widget_type=\"button.default\">\n\t\t\t\t<div class=\"elementor-widget-container\">\n\t\t\t\t\t\t\t\t\t<div class=\"elementor-button-wrapper\">\n\t\t\t\t\t<a class=\"elementor-button elementor-button-link elementor-size-sm\" href=\"https:\/\/dev.pluschem.com\/tr\/contact-us\/\">\n\t\t\t\t\t\t<span class=\"elementor-button-content-wrapper\">\n\t\t\t\t\t\t\t\t\t<span class=\"elementor-button-text\">Evet, daha fazlas\u0131n\u0131 bilmek istiyorum<\/span>\n\t\t\t\t\t<\/span>\n\t\t\t\t\t<\/a>\n\t\t\t\t<\/div>\n\t\t\t\t\t\t\t\t<\/div>\n\t\t\t\t<\/div>\n\t\t\t\t\t<\/div>\n\t\t<\/div>\n\t\t\t\t\t<\/div>\n\t\t<\/section>\n\t\t\t\t\t<\/div>\n\t\t<\/div>\n\t\t\t\t\t<\/div>\n\t\t<\/section>\n\t\t\t\t<section class=\"elementor-section elementor-top-section elementor-element elementor-element-b2defdb elementor-section-boxed elementor-section-height-default elementor-section-height-default\" data-id=\"b2defdb\" data-element_type=\"section\" data-e-type=\"section\">\n\t\t\t\t\t\t<div class=\"elementor-container elementor-column-gap-default\">\n\t\t\t\t\t<div class=\"elementor-column elementor-col-100 elementor-top-column elementor-element elementor-element-8f4d575\" data-id=\"8f4d575\" data-element_type=\"column\" data-e-type=\"column\">\n\t\t\t<div class=\"elementor-widget-wrap elementor-element-populated\">\n\t\t\t\t\t\t<div class=\"elementor-element elementor-element-cad101a elementor-widget elementor-widget-spacer\" data-id=\"cad101a\" data-element_type=\"widget\" data-e-type=\"widget\" data-widget_type=\"spacer.default\">\n\t\t\t\t<div class=\"elementor-widget-container\">\n\t\t\t\t\t\t\t<div class=\"elementor-spacer\">\n\t\t\t<div class=\"elementor-spacer-inner\"><\/div>\n\t\t<\/div>\n\t\t\t\t\t\t<\/div>\n\t\t\t\t<\/div>\n\t\t\t\t\t<\/div>\n\t\t<\/div>\n\t\t\t\t\t<\/div>\n\t\t<\/section>\n\t\t\t\t<\/div>\n\t\t","protected":false},"excerpt":{"rendered":"<p>Uzmanl\u0131k sergileyen ve i\u015f ili\u015fkileri kuran hikayemiz Yakla\u015f\u0131k 20 y\u0131l \u00f6nce, \u00f6zellikli kimyasal madde pazar\u0131n\u0131n d\u00fcnya \u00e7ap\u0131nda \u00e7ok say\u0131da payda\u015f i\u00e7in yeteri kadar iyi i\u015f yapmad\u0131\u011f\u0131 a\u00e7\u0131k\u00e7a ortaya \u00e7\u0131kt\u0131. Y\u00fcksek kalite, \u00fcretim uzmanlar\u0131 Avrupa\u2019da \u00fcr\u00fcnlerine talep oldu\u011funu biliyordu ancak do\u011fru ba\u011flant\u0131lar\u0131 kurmakta zorland\u0131lar. Ve Avrupa \u00e7ap\u0131nda geni\u015f kapsaml\u0131 uzmanl\u0131\u011fa, pazar bilgisi ve anlay\u0131\u015f\u0131na sahip olan [&hellip;]<\/p>\n","protected":false},"author":1,"featured_media":16740,"parent":0,"menu_order":0,"comment_status":"closed","ping_status":"closed","template":"elementor_header_footer","meta":{"_seopress_robots_primary_cat":"","_seopress_titles_title":"%%sitetitle%% %%sep%% %%post_title%%","_seopress_titles_desc":"Operating in over 21 countries globally, PlusChem is a European based network of distributors with a particular focus in speciality and fine chemicals. ","_seopress_robots_index":"","footnotes":""},"class_list":["post-19557","page","type-page","status-publish","has-post-thumbnail","hentry"],"_links":{"self":[{"href":"https:\/\/dev.pluschem.com\/tr\/wp-json\/wp\/v2\/pages\/19557","targetHints":{"allow":["GET"]}}],"collection":[{"href":"https:\/\/dev.pluschem.com\/tr\/wp-json\/wp\/v2\/pages"}],"about":[{"href":"https:\/\/dev.pluschem.com\/tr\/wp-json\/wp\/v2\/types\/page"}],"author":[{"embeddable":true,"href":"https:\/\/dev.pluschem.com\/tr\/wp-json\/wp\/v2\/users\/1"}],"replies":[{"embeddable":true,"href":"https:\/\/dev.pluschem.com\/tr\/wp-json\/wp\/v2\/comments?post=19557"}],"version-history":[{"count":0,"href":"https:\/\/dev.pluschem.com\/tr\/wp-json\/wp\/v2\/pages\/19557\/revisions"}],"wp:featuredmedia":[{"embeddable":true,"href":"https:\/\/dev.pluschem.com\/tr\/wp-json\/wp\/v2\/media\/16740"}],"wp:attachment":[{"href":"https:\/\/dev.pluschem.com\/tr\/wp-json\/wp\/v2\/media?parent=19557"}],"curies":[{"name":"wp","href":"https:\/\/api.w.org\/{rel}","templated":true}]}}