{"id":19673,"date":"2021-05-04T13:43:12","date_gmt":"2021-05-04T13:43:12","guid":{"rendered":"https:\/\/pluschem.com\/chemical-categories\/fine-and-specialty-chemicals\/"},"modified":"2023-01-17T12:19:21","modified_gmt":"2023-01-17T12:19:21","slug":"fine-and-specialty-chemicals","status":"publish","type":"page","link":"https:\/\/dev.pluschem.com\/tr\/chemical-categories\/fine-and-specialty-chemicals\/","title":{"rendered":"\u0130nce ve \u00f6zellikli \u00fcr\u00fcn"},"content":{"rendered":"\t\t<div data-elementor-type=\"wp-page\" data-elementor-id=\"19673\" class=\"elementor elementor-19673 elementor-1109\" data-elementor-post-type=\"page\">\n\t\t\t\t\t\t<section class=\"elementor-section elementor-top-section elementor-element elementor-element-2aeb9e45 elementor-section-full_width elementor-section-height-min-height elementor-section-items-stretch elementor-section-height-default\" data-id=\"2aeb9e45\" data-element_type=\"section\" data-e-type=\"section\" data-settings=\"{&quot;background_background&quot;:&quot;classic&quot;}\">\n\t\t\t\t\t\t<div class=\"elementor-container elementor-column-gap-default\">\n\t\t\t\t\t<div class=\"elementor-column elementor-col-100 elementor-top-column elementor-element elementor-element-61a90b3d\" data-id=\"61a90b3d\" data-element_type=\"column\" data-e-type=\"column\">\n\t\t\t<div class=\"elementor-widget-wrap elementor-element-populated\">\n\t\t\t\t\t\t<div class=\"elementor-element elementor-element-5045fc4 elementor-widget elementor-widget-heading\" data-id=\"5045fc4\" data-element_type=\"widget\" data-e-type=\"widget\" data-widget_type=\"heading.default\">\n\t\t\t\t<div class=\"elementor-widget-container\">\n\t\t\t\t\t<h2 class=\"elementor-heading-title elementor-size-default\"><a href=\"https:\/\/dev.pluschem.com\/tr\/chemical-categories\/\">Kimyasal madde kategorileri<\/a><\/h2>\t\t\t\t<\/div>\n\t\t\t\t<\/div>\n\t\t\t\t\t<\/div>\n\t\t<\/div>\n\t\t\t\t\t<\/div>\n\t\t<\/section>\n\t\t\t\t<section class=\"elementor-section elementor-top-section elementor-element elementor-element-15a7c30 elementor-section-boxed elementor-section-height-default elementor-section-height-default\" data-id=\"15a7c30\" data-element_type=\"section\" data-e-type=\"section\">\n\t\t\t\t\t\t<div class=\"elementor-container elementor-column-gap-default\">\n\t\t\t\t\t<div class=\"elementor-column elementor-col-100 elementor-top-column elementor-element elementor-element-502f02a\" data-id=\"502f02a\" data-element_type=\"column\" data-e-type=\"column\">\n\t\t\t<div class=\"elementor-widget-wrap elementor-element-populated\">\n\t\t\t\t\t\t<div class=\"elementor-element elementor-element-b87520e elementor-widget elementor-widget-spacer\" data-id=\"b87520e\" data-element_type=\"widget\" data-e-type=\"widget\" data-widget_type=\"spacer.default\">\n\t\t\t\t<div class=\"elementor-widget-container\">\n\t\t\t\t\t\t\t<div class=\"elementor-spacer\">\n\t\t\t<div class=\"elementor-spacer-inner\"><\/div>\n\t\t<\/div>\n\t\t\t\t\t\t<\/div>\n\t\t\t\t<\/div>\n\t\t\t\t\t<\/div>\n\t\t<\/div>\n\t\t\t\t\t<\/div>\n\t\t<\/section>\n\t\t\t\t<section class=\"elementor-section elementor-top-section elementor-element elementor-element-62e7ba17 elementor-section-boxed elementor-section-height-default elementor-section-height-default\" data-id=\"62e7ba17\" data-element_type=\"section\" data-e-type=\"section\">\n\t\t\t\t\t\t<div class=\"elementor-container elementor-column-gap-no\">\n\t\t\t\t\t<div class=\"elementor-column elementor-col-50 elementor-top-column elementor-element elementor-element-75e955c2 elementor-hidden-mobile\" data-id=\"75e955c2\" data-element_type=\"column\" data-e-type=\"column\">\n\t\t\t<div class=\"elementor-widget-wrap elementor-element-populated\">\n\t\t\t\t\t\t<div class=\"elementor-element elementor-element-3e85d00f elementor-widget elementor-widget-image\" data-id=\"3e85d00f\" data-element_type=\"widget\" data-e-type=\"widget\" data-settings=\"{&quot;_animation_tablet&quot;:&quot;slideInLeft&quot;}\" data-widget_type=\"image.default\">\n\t\t\t\t<div class=\"elementor-widget-container\">\n\t\t\t\t\t\t\t\t\t\t\t\t\t\t\t<img decoding=\"async\" src=\"https:\/\/dev.pluschem.com\/wp-content\/uploads\/elementor\/thumbs\/Fine-and-specialty-Secondary-Desktop-650x500-1-pegju7ojenix7yw3x5xxmhj6fmg22mo1ha0rtkspvs.jpg\" title=\"Fine and specialty Chemicals\" alt=\"Fine and specialty Chemicals\" loading=\"lazy\" \/>\t\t\t\t\t\t\t\t\t\t\t\t\t\t\t<\/div>\n\t\t\t\t<\/div>\n\t\t\t\t\t<\/div>\n\t\t<\/div>\n\t\t\t\t<div class=\"elementor-column elementor-col-50 elementor-top-column elementor-element elementor-element-27424dc5\" data-id=\"27424dc5\" data-element_type=\"column\" data-e-type=\"column\">\n\t\t\t<div class=\"elementor-widget-wrap elementor-element-populated\">\n\t\t\t\t\t\t<div class=\"elementor-element elementor-element-7ecabcc2 elementor-hidden-tablet elementor-hidden-mobile elementor-widget elementor-widget-heading\" data-id=\"7ecabcc2\" data-element_type=\"widget\" data-e-type=\"widget\" data-widget_type=\"heading.default\">\n\t\t\t\t<div class=\"elementor-widget-container\">\n\t\t\t\t\t<h2 class=\"elementor-heading-title elementor-size-default\">\u0130nce ve \u00f6zellikli \u00fcr\u00fcn<\/h2>\t\t\t\t<\/div>\n\t\t\t\t<\/div>\n\t\t\t\t<div class=\"elementor-element elementor-element-112eff23 elementor-widget elementor-widget-text-editor\" data-id=\"112eff23\" data-element_type=\"widget\" data-e-type=\"widget\" data-widget_type=\"text-editor.default\">\n\t\t\t\t<div class=\"elementor-widget-container\">\n\t\t\t\t\t\t\t\t\t<p>Grubumuz ince kimyasal madde end\u00fcstrisinde- ila\u00e7 sanayisi, sentez, ara \u00fcr\u00fcnlerin ve API\u2019n\u0131n (aktif ila\u00e7 sanayi ara \u00fcr\u00fcnleri) \u00fcretiminde kullan\u0131m\u0131 i\u00e7in geni\u015f bir yelpazede y\u00fcksek safl\u0131kta y\u00fcksek \u00f6zelliklere sahip \u00f6zellikli\u00fcr\u00fcnlerin da\u011f\u0131t\u0131m\u0131n\u0131 yapmaktad\u0131r.<\/p><ul><li>Reaktif ara \u00fcr\u00fcnler<\/li><li>Ni\u015f \u00f6zellikli \u00fcr\u00fcnler<\/li><li>Y\u00fcksek safl\u0131kta ham maddeler<\/li><li>Nadir reaktif bile\u015fenler<\/li><li>Kompleks sentezler i\u00e7in ara \u00fcr\u00fcnler<\/li><li>\u00d6zel uygulamalar i\u00e7in kimyasal maddeler<\/li><\/ul><p>\u0130nce ve \u00d6zel Kimyasallar hakk\u0131nda daha fazla bilgi <strong>edinmek ister misiniz?<\/strong> A\u015fa\u011f\u0131daki formu g\u00f6nderin, sizinle ileti\u015fime ge\u00e7ece\u011fiz.<\/p>\t\t\t\t\t\t\t\t<\/div>\n\t\t\t\t<\/div>\n\t\t\t\t<div class=\"elementor-element elementor-element-573371d elementor-hidden-desktop elementor-hidden-tablet elementor-widget elementor-widget-image\" data-id=\"573371d\" data-element_type=\"widget\" data-e-type=\"widget\" data-widget_type=\"image.default\">\n\t\t\t\t<div class=\"elementor-widget-container\">\n\t\t\t\t\t\t\t\t\t\t\t\t\t\t\t<img decoding=\"async\" src=\"https:\/\/dev.pluschem.com\/wp-content\/uploads\/elementor\/thumbs\/Fine-and-Specialty-Secondary-Mobile-290x290-1-pegjq5zflgd64heq5xv8ks7n78wlo1ztz0mnc2v74k.jpg\" title=\"Fine and specialty Chemicals\" alt=\"Fine and specialty Chemicals\" loading=\"lazy\" \/>\t\t\t\t\t\t\t\t\t\t\t\t\t\t\t<\/div>\n\t\t\t\t<\/div>\n\t\t\t\t<div class=\"elementor-element elementor-element-934ae67 elementor-tablet-button-align-stretch elementor-mobile-button-align-stretch elementor-button-align-stretch elementor-widget elementor-widget-form\" data-id=\"934ae67\" data-element_type=\"widget\" data-e-type=\"widget\" data-settings=\"{&quot;step_next_label&quot;:&quot;Next&quot;,&quot;step_previous_label&quot;:&quot;Previous&quot;,&quot;button_width&quot;:&quot;40&quot;,&quot;step_type&quot;:&quot;none&quot;,&quot;button_width_tablet&quot;:&quot;40&quot;,&quot;button_width_mobile&quot;:&quot;50&quot;,&quot;step_icon_shape&quot;:&quot;circle&quot;}\" data-widget_type=\"form.default\">\n\t\t\t\t<div class=\"elementor-widget-container\">\n\t\t\t\t\t\t\t<form class=\"elementor-form\" method=\"post\" name=\"Fine and Specialty form\" aria-label=\"Fine and Specialty form\">\n\t\t\t<input type=\"hidden\" name=\"post_id\" value=\"19673\"\/>\n\t\t\t<input type=\"hidden\" name=\"form_id\" value=\"934ae67\"\/>\n\t\t\t<input type=\"hidden\" name=\"referer_title\" value=\"\u0130nce ve \u00f6zellikli \u00fcr\u00fcn\" \/>\n\n\t\t\t\t\t\t\t<input type=\"hidden\" name=\"queried_id\" value=\"19673\"\/>\n\t\t\t\n\t\t\t<div class=\"elementor-form-fields-wrapper elementor-labels-above\">\n\t\t\t\t\t\t\t\t<div class=\"elementor-field-type-text elementor-field-group elementor-column elementor-field-group-name elementor-col-50 elementor-field-required elementor-mark-required\">\n\t\t\t\t\t\t\t\t\t\t\t\t<label for=\"form-field-name\" class=\"elementor-field-label\">\n\t\t\t\t\t\t\t\tAd\t\t\t\t\t\t\t<\/label>\n\t\t\t\t\t\t\t\t\t\t\t\t\t\t<input size=\"1\" type=\"text\" name=\"form_fields[name]\" id=\"form-field-name\" class=\"elementor-field elementor-size-md  elementor-field-textual\" required=\"required\">\n\t\t\t\t\t\t\t\t\t\t\t<\/div>\n\t\t\t\t\t\t\t\t<div class=\"elementor-field-type-email elementor-field-group elementor-column elementor-field-group-email elementor-col-50 elementor-field-required elementor-mark-required\">\n\t\t\t\t\t\t\t\t\t\t\t\t<label for=\"form-field-email\" class=\"elementor-field-label\">\n\t\t\t\t\t\t\t\tE-posta\t\t\t\t\t\t\t<\/label>\n\t\t\t\t\t\t\t\t\t\t\t\t\t\t<input size=\"1\" type=\"email\" name=\"form_fields[email]\" id=\"form-field-email\" class=\"elementor-field elementor-size-md  elementor-field-textual\" required=\"required\">\n\t\t\t\t\t\t\t\t\t\t\t<\/div>\n\t\t\t\t\t\t\t\t<div class=\"elementor-field-type-acceptance elementor-field-group elementor-column elementor-field-group-acceptance elementor-col-100 elementor-field-required elementor-mark-required\">\n\t\t\t\t\t\t\t\t\t\t\t\t<label for=\"form-field-acceptance\" class=\"elementor-field-label\">\n\t\t\t\t\t\t\t\tKabul\t\t\t\t\t\t\t<\/label>\n\t\t\t\t\t\t\t\t<div class=\"elementor-field-subgroup\">\n\t\t\t<span class=\"elementor-field-option\">\n\t\t\t\t<input type=\"checkbox\" name=\"form_fields[acceptance]\" id=\"form-field-acceptance\" class=\"elementor-field elementor-size-md  elementor-acceptance-field\" required=\"required\">\n\t\t\t\t<label for=\"form-field-acceptance\">Bu formu doldurarak bize sa\u011flad\u0131\u011f\u0131n\u0131z ki\u015fisel veriler, PlusChem EEIG taraf\u0131ndan i\u015flenecektir. Sizden talep etti\u011fimiz ki\u015fisel verilerin toplanmas\u0131n\u0131n ve i\u015flenmesinin amac\u0131, ilgili taraftan bilgi talebine cevap verebilmek ve ticari ili\u015fkiler kurmak veya s\u00fcrd\u00fcrmektir. Yasal \u00e7er\u00e7eve, ilgili taraf\u0131n r\u0131zas\u0131 ve ticari bir ili\u015fkinin geli\u015fmesinde me\u015fru menfaat ile sa\u011flan\u0131r Bu bilgileri al\u0131c\u0131s\u0131 PlusChem EEIG\u2019dir Kullan\u0131c\u0131lar b\u00fct\u00fcn verilerine eri\u015fme, d\u00fczeltme, silme, k\u0131s\u0131tlama, itiraz etme ve ta\u015f\u0131yabilme hakk\u0131na sahiptir. Daha fazla bilgi i\u00e7in Gizlilik Politikam\u0131za bak\u0131n.<\/label>\t\t\t<\/span>\n\t\t<\/div>\n\t\t\t\t\t\t<\/div>\n\t\t\t\t\t\t\t\t<div class=\"elementor-field-type-recaptcha_v3 elementor-field-group elementor-column elementor-field-group-field_7fb4156 elementor-col-100 recaptcha_v3-bottomright\">\n\t\t\t\t\t<div class=\"elementor-field\" id=\"form-field-field_7fb4156\"><div class=\"elementor-g-recaptcha\" data-sitekey=\"6LcFjvgUAAAAAOdN_9fJU0uam-rkFSgDHMvG6B_q\" data-type=\"v3\" data-action=\"Form\" data-badge=\"bottomright\" data-size=\"invisible\"><\/div><\/div>\t\t\t\t<\/div>\n\t\t\t\t\t\t\t\t<div class=\"elementor-field-group elementor-column elementor-field-type-submit elementor-col-40 e-form__buttons elementor-md-40 elementor-sm-50\">\n\t\t\t\t\t<button class=\"elementor-button elementor-size-sm\" type=\"submit\">\n\t\t\t\t\t\t<span class=\"elementor-button-content-wrapper\">\n\t\t\t\t\t\t\t\t\t\t\t\t\t\t\t<span class=\"elementor-button-icon\">\n\t\t\t\t\t\t\t\t\t<i aria-hidden=\"true\" class=\"fas fa-check\"><\/i>\t\t\t\t\t\t\t\t\t\t\t\t\t\t\t\t\t<\/span>\n\t\t\t\t\t\t\t\t\t\t\t\t\t\t\t\t\t\t\t\t\t\t<span class=\"elementor-button-text\">G\u00f6nder<\/span>\n\t\t\t\t\t\t\t\t\t\t\t\t\t<\/span>\n\t\t\t\t\t<\/button>\n\t\t\t\t<\/div>\n\t\t\t<\/div>\n\t\t<\/form>\n\t\t\t\t\t\t<\/div>\n\t\t\t\t<\/div>\n\t\t\t\t\t<\/div>\n\t\t<\/div>\n\t\t\t\t\t<\/div>\n\t\t<\/section>\n\t\t\t\t<section class=\"elementor-section elementor-top-section elementor-element elementor-element-5f344f1 elementor-section-boxed elementor-section-height-default elementor-section-height-default\" data-id=\"5f344f1\" data-element_type=\"section\" data-e-type=\"section\">\n\t\t\t\t\t\t<div class=\"elementor-container elementor-column-gap-default\">\n\t\t\t\t\t<div class=\"elementor-column elementor-col-100 elementor-top-column elementor-element elementor-element-3a8d308\" data-id=\"3a8d308\" data-element_type=\"column\" data-e-type=\"column\">\n\t\t\t<div class=\"elementor-widget-wrap elementor-element-populated\">\n\t\t\t\t\t\t<div class=\"elementor-element elementor-element-46b4cd4 elementor-widget elementor-widget-spacer\" data-id=\"46b4cd4\" data-element_type=\"widget\" data-e-type=\"widget\" data-widget_type=\"spacer.default\">\n\t\t\t\t<div class=\"elementor-widget-container\">\n\t\t\t\t\t\t\t<div class=\"elementor-spacer\">\n\t\t\t<div class=\"elementor-spacer-inner\"><\/div>\n\t\t<\/div>\n\t\t\t\t\t\t<\/div>\n\t\t\t\t<\/div>\n\t\t\t\t\t<\/div>\n\t\t<\/div>\n\t\t\t\t\t<\/div>\n\t\t<\/section>\n\t\t\t\t<\/div>\n\t\t","protected":false},"excerpt":{"rendered":"<p>Kimyasal madde kategorileri Grubumuz ince kimyasal madde end\u00fcstrisinde- ila\u00e7 sanayisi, sentez, ara \u00fcr\u00fcnlerin ve API\u2019n\u0131n (aktif ila\u00e7 sanayi ara \u00fcr\u00fcnleri) \u00fcretiminde kullan\u0131m\u0131 i\u00e7in geni\u015f bir yelpazede y\u00fcksek safl\u0131kta y\u00fcksek \u00f6zelliklere sahip \u00f6zellikli\u00fcr\u00fcnlerin da\u011f\u0131t\u0131m\u0131n\u0131 yapmaktad\u0131r. Reaktif ara \u00fcr\u00fcnler Ni\u015f \u00f6zellikli \u00fcr\u00fcnler Y\u00fcksek safl\u0131kta ham maddeler Nadir reaktif bile\u015fenler Kompleks sentezler i\u00e7in ara \u00fcr\u00fcnler \u00d6zel uygulamalar i\u00e7in [&hellip;]<\/p>\n","protected":false},"author":1,"featured_media":16518,"parent":19614,"menu_order":0,"comment_status":"closed","ping_status":"closed","template":"elementor_header_footer","meta":{"_seopress_robots_primary_cat":"","_seopress_titles_title":"%%sitetitle%% %%sep%% %%post_title%%","_seopress_titles_desc":"Our group distributes a range of high purity high specification specialities for use in the fine chemicals industry.","_seopress_robots_index":"","footnotes":""},"class_list":["post-19673","page","type-page","status-publish","has-post-thumbnail","hentry"],"_links":{"self":[{"href":"https:\/\/dev.pluschem.com\/tr\/wp-json\/wp\/v2\/pages\/19673","targetHints":{"allow":["GET"]}}],"collection":[{"href":"https:\/\/dev.pluschem.com\/tr\/wp-json\/wp\/v2\/pages"}],"about":[{"href":"https:\/\/dev.pluschem.com\/tr\/wp-json\/wp\/v2\/types\/page"}],"author":[{"embeddable":true,"href":"https:\/\/dev.pluschem.com\/tr\/wp-json\/wp\/v2\/users\/1"}],"replies":[{"embeddable":true,"href":"https:\/\/dev.pluschem.com\/tr\/wp-json\/wp\/v2\/comments?post=19673"}],"version-history":[{"count":0,"href":"https:\/\/dev.pluschem.com\/tr\/wp-json\/wp\/v2\/pages\/19673\/revisions"}],"up":[{"embeddable":true,"href":"https:\/\/dev.pluschem.com\/tr\/wp-json\/wp\/v2\/pages\/19614"}],"wp:featuredmedia":[{"embeddable":true,"href":"https:\/\/dev.pluschem.com\/tr\/wp-json\/wp\/v2\/media\/16518"}],"wp:attachment":[{"href":"https:\/\/dev.pluschem.com\/tr\/wp-json\/wp\/v2\/media?parent=19673"}],"curies":[{"name":"wp","href":"https:\/\/api.w.org\/{rel}","templated":true}]}}