{"id":19695,"date":"2021-05-21T09:40:06","date_gmt":"2021-05-21T09:40:06","guid":{"rendered":"https:\/\/pluschem.com\/chemical-categories\/commodity-chemicals\/"},"modified":"2023-01-11T18:31:32","modified_gmt":"2023-01-11T18:31:32","slug":"commodity-chemicals","status":"publish","type":"page","link":"https:\/\/dev.pluschem.com\/tr\/chemical-categories\/commodity-chemicals\/","title":{"rendered":"Ticari mal Kimyasal"},"content":{"rendered":"\t\t<div data-elementor-type=\"wp-page\" data-elementor-id=\"19695\" class=\"elementor elementor-19695 elementor-1382\" data-elementor-post-type=\"page\">\n\t\t\t\t\t\t<section class=\"elementor-section elementor-top-section elementor-element elementor-element-2fc1a067 elementor-section-full_width elementor-section-height-min-height elementor-section-items-stretch elementor-section-height-default\" data-id=\"2fc1a067\" data-element_type=\"section\" data-e-type=\"section\" data-settings=\"{&quot;background_background&quot;:&quot;classic&quot;}\">\n\t\t\t\t\t\t<div class=\"elementor-container elementor-column-gap-default\">\n\t\t\t\t\t<div class=\"elementor-column elementor-col-100 elementor-top-column elementor-element elementor-element-1677cb3e\" data-id=\"1677cb3e\" data-element_type=\"column\" data-e-type=\"column\">\n\t\t\t<div class=\"elementor-widget-wrap elementor-element-populated\">\n\t\t\t\t\t\t<div class=\"elementor-element elementor-element-eefdb65 elementor-widget elementor-widget-heading\" data-id=\"eefdb65\" data-element_type=\"widget\" data-e-type=\"widget\" data-widget_type=\"heading.default\">\n\t\t\t\t<div class=\"elementor-widget-container\">\n\t\t\t\t\t<h2 class=\"elementor-heading-title elementor-size-default\"><a href=\"https:\/\/dev.pluschem.com\/tr\/chemical-categories\/\">Kimyasal madde kategorileri<\/a><\/h2>\t\t\t\t<\/div>\n\t\t\t\t<\/div>\n\t\t\t\t\t<\/div>\n\t\t<\/div>\n\t\t\t\t\t<\/div>\n\t\t<\/section>\n\t\t\t\t<section class=\"elementor-section elementor-top-section elementor-element elementor-element-5f35c094 elementor-section-boxed elementor-section-height-default elementor-section-height-default\" data-id=\"5f35c094\" data-element_type=\"section\" data-e-type=\"section\">\n\t\t\t\t\t\t<div class=\"elementor-container elementor-column-gap-default\">\n\t\t\t\t\t<div class=\"elementor-column elementor-col-100 elementor-top-column elementor-element elementor-element-6dcb70e\" data-id=\"6dcb70e\" data-element_type=\"column\" data-e-type=\"column\">\n\t\t\t<div class=\"elementor-widget-wrap elementor-element-populated\">\n\t\t\t\t\t\t<div class=\"elementor-element elementor-element-7fd6cfb6 elementor-widget elementor-widget-spacer\" data-id=\"7fd6cfb6\" data-element_type=\"widget\" data-e-type=\"widget\" data-widget_type=\"spacer.default\">\n\t\t\t\t<div class=\"elementor-widget-container\">\n\t\t\t\t\t\t\t<div class=\"elementor-spacer\">\n\t\t\t<div class=\"elementor-spacer-inner\"><\/div>\n\t\t<\/div>\n\t\t\t\t\t\t<\/div>\n\t\t\t\t<\/div>\n\t\t\t\t\t<\/div>\n\t\t<\/div>\n\t\t\t\t\t<\/div>\n\t\t<\/section>\n\t\t\t\t<section class=\"elementor-section elementor-top-section elementor-element elementor-element-60610dfe elementor-section-boxed elementor-section-height-default elementor-section-height-default\" data-id=\"60610dfe\" data-element_type=\"section\" data-e-type=\"section\">\n\t\t\t\t\t\t<div class=\"elementor-container elementor-column-gap-no\">\n\t\t\t\t\t<div class=\"elementor-column elementor-col-50 elementor-top-column elementor-element elementor-element-5a06e74e elementor-hidden-mobile\" data-id=\"5a06e74e\" data-element_type=\"column\" data-e-type=\"column\">\n\t\t\t<div class=\"elementor-widget-wrap elementor-element-populated\">\n\t\t\t\t\t\t<div class=\"elementor-element elementor-element-778f8966 elementor-widget elementor-widget-image\" data-id=\"778f8966\" data-element_type=\"widget\" data-e-type=\"widget\" data-settings=\"{&quot;_animation_tablet&quot;:&quot;slideInLeft&quot;}\" data-widget_type=\"image.default\">\n\t\t\t\t<div class=\"elementor-widget-container\">\n\t\t\t\t\t\t\t\t\t\t\t\t\t\t\t<img decoding=\"async\" src=\"https:\/\/dev.pluschem.com\/wp-content\/uploads\/elementor\/thumbs\/Commodity-Secondary-Desktop-650x500-1-pei1w0f1156d0aietqw6oyz7tdur6aco032n19qrd4.jpg\" title=\"Commodity Chemicals\" alt=\"Commodity Chemicals\" loading=\"lazy\" \/>\t\t\t\t\t\t\t\t\t\t\t\t\t\t\t<\/div>\n\t\t\t\t<\/div>\n\t\t\t\t\t<\/div>\n\t\t<\/div>\n\t\t\t\t<div class=\"elementor-column elementor-col-50 elementor-top-column elementor-element elementor-element-37bf08ce\" data-id=\"37bf08ce\" data-element_type=\"column\" data-e-type=\"column\">\n\t\t\t<div class=\"elementor-widget-wrap elementor-element-populated\">\n\t\t\t\t\t\t<div class=\"elementor-element elementor-element-13d6e846 elementor-hidden-tablet elementor-hidden-mobile elementor-widget elementor-widget-heading\" data-id=\"13d6e846\" data-element_type=\"widget\" data-e-type=\"widget\" data-widget_type=\"heading.default\">\n\t\t\t\t<div class=\"elementor-widget-container\">\n\t\t\t\t\t<h2 class=\"elementor-heading-title elementor-size-default\">Ticari mal Kimyasal<\/h2>\t\t\t\t<\/div>\n\t\t\t\t<\/div>\n\t\t\t\t<div class=\"elementor-element elementor-element-2142bce0 elementor-widget elementor-widget-text-editor\" data-id=\"2142bce0\" data-element_type=\"widget\" data-e-type=\"widget\" data-widget_type=\"text-editor.default\">\n\t\t\t\t<div class=\"elementor-widget-container\">\n\t\t\t\t\t\t\t\t\t<p>\u00c7\u00f6z\u00fcc\u00fcleri, dolgu maddelerini, renklendiricileri, mineralleri ve polimerleri kapsayan geni\u015f bir, toptan y\u00fcksek hacimli maddeler, kimyasal \u00fcr\u00fcnler yelpazemiz bulunmaktad\u0131r.<\/p><ul><li>D\u00f6kme dolgu maddeleri<\/li><li>Renklendiriciler<\/li><li>Termoplastik polimerler<\/li><li>Re\u00e7ineler<\/li><li>Deterjanlar<\/li><li>Kau\u00e7uklar<\/li><li>Petrokimyasallar<\/li><\/ul><p>Emtia Kimyasallar\u0131 hakk\u0131nda daha fazla bilgi <strong>edinmek ister misiniz?<\/strong> A\u015fa\u011f\u0131daki formu g\u00f6nderin, sizinle ileti\u015fime ge\u00e7ece\u011fiz.<\/p>\t\t\t\t\t\t\t\t<\/div>\n\t\t\t\t<\/div>\n\t\t\t\t<div class=\"elementor-element elementor-element-68c1cdb3 elementor-hidden-desktop elementor-hidden-tablet elementor-widget elementor-widget-image\" data-id=\"68c1cdb3\" data-element_type=\"widget\" data-e-type=\"widget\" data-widget_type=\"image.default\">\n\t\t\t\t<div class=\"elementor-widget-container\">\n\t\t\t\t\t\t\t\t\t\t\t\t\t\t\t<img decoding=\"async\" src=\"https:\/\/dev.pluschem.com\/wp-content\/uploads\/elementor\/thumbs\/Commodity-Secondary-Mobile-290x290-1-pei1xx14i65zfwdqb3gffrks0uyzipb9baf7yuzh78.jpg\" title=\"Commodity-Secondary-Mobile-290&#215;290\" alt=\"Commodity-Secondary-Mobile-290x290\" loading=\"lazy\" \/>\t\t\t\t\t\t\t\t\t\t\t\t\t\t\t<\/div>\n\t\t\t\t<\/div>\n\t\t\t\t<div class=\"elementor-element elementor-element-973e18e elementor-tablet-button-align-stretch elementor-mobile-button-align-stretch elementor-button-align-stretch elementor-widget elementor-widget-form\" data-id=\"973e18e\" data-element_type=\"widget\" data-e-type=\"widget\" data-settings=\"{&quot;step_next_label&quot;:&quot;Next&quot;,&quot;step_previous_label&quot;:&quot;Previous&quot;,&quot;button_width&quot;:&quot;40&quot;,&quot;step_type&quot;:&quot;none&quot;,&quot;button_width_tablet&quot;:&quot;40&quot;,&quot;button_width_mobile&quot;:&quot;50&quot;,&quot;step_icon_shape&quot;:&quot;circle&quot;}\" data-widget_type=\"form.default\">\n\t\t\t\t<div class=\"elementor-widget-container\">\n\t\t\t\t\t\t\t<form class=\"elementor-form\" method=\"post\" name=\"Fine and Specialty form\" aria-label=\"Fine and Specialty form\">\n\t\t\t<input type=\"hidden\" name=\"post_id\" value=\"19695\"\/>\n\t\t\t<input type=\"hidden\" name=\"form_id\" value=\"973e18e\"\/>\n\t\t\t<input type=\"hidden\" name=\"referer_title\" value=\"Ticari mal Kimyasal\" \/>\n\n\t\t\t\t\t\t\t<input type=\"hidden\" name=\"queried_id\" value=\"19695\"\/>\n\t\t\t\n\t\t\t<div class=\"elementor-form-fields-wrapper elementor-labels-above\">\n\t\t\t\t\t\t\t\t<div class=\"elementor-field-type-text elementor-field-group elementor-column elementor-field-group-name elementor-col-50 elementor-field-required elementor-mark-required\">\n\t\t\t\t\t\t\t\t\t\t\t\t<label for=\"form-field-name\" class=\"elementor-field-label\">\n\t\t\t\t\t\t\t\tAd\t\t\t\t\t\t\t<\/label>\n\t\t\t\t\t\t\t\t\t\t\t\t\t\t<input size=\"1\" type=\"text\" name=\"form_fields[name]\" id=\"form-field-name\" class=\"elementor-field elementor-size-md  elementor-field-textual\" required=\"required\">\n\t\t\t\t\t\t\t\t\t\t\t<\/div>\n\t\t\t\t\t\t\t\t<div class=\"elementor-field-type-email elementor-field-group elementor-column elementor-field-group-email elementor-col-50 elementor-field-required elementor-mark-required\">\n\t\t\t\t\t\t\t\t\t\t\t\t<label for=\"form-field-email\" class=\"elementor-field-label\">\n\t\t\t\t\t\t\t\tE-posta\t\t\t\t\t\t\t<\/label>\n\t\t\t\t\t\t\t\t\t\t\t\t\t\t<input size=\"1\" type=\"email\" name=\"form_fields[email]\" id=\"form-field-email\" class=\"elementor-field elementor-size-md  elementor-field-textual\" required=\"required\">\n\t\t\t\t\t\t\t\t\t\t\t<\/div>\n\t\t\t\t\t\t\t\t<div class=\"elementor-field-type-acceptance elementor-field-group elementor-column elementor-field-group-acceptance elementor-col-100 elementor-field-required elementor-mark-required\">\n\t\t\t\t\t\t\t\t\t\t\t\t<label for=\"form-field-acceptance\" class=\"elementor-field-label\">\n\t\t\t\t\t\t\t\tKabul\t\t\t\t\t\t\t<\/label>\n\t\t\t\t\t\t\t\t<div class=\"elementor-field-subgroup\">\n\t\t\t<span class=\"elementor-field-option\">\n\t\t\t\t<input type=\"checkbox\" name=\"form_fields[acceptance]\" id=\"form-field-acceptance\" class=\"elementor-field elementor-size-md  elementor-acceptance-field\" required=\"required\">\n\t\t\t\t<label for=\"form-field-acceptance\">Bu formu doldurarak bize sa\u011flad\u0131\u011f\u0131n\u0131z ki\u015fisel veriler, PlusChem EEIG taraf\u0131ndan i\u015flenecektir. Sizden talep etti\u011fimiz ki\u015fisel verilerin toplanmas\u0131n\u0131n ve i\u015flenmesinin amac\u0131, ilgili taraftan bilgi talebine cevap verebilmek ve ticari ili\u015fkiler kurmak veya s\u00fcrd\u00fcrmektir. Yasal \u00e7er\u00e7eve, ilgili taraf\u0131n r\u0131zas\u0131 ve ticari bir ili\u015fkinin geli\u015fmesinde me\u015fru menfaat ile sa\u011flan\u0131r Bu bilgileri al\u0131c\u0131s\u0131 PlusChem EEIG\u2019dir Kullan\u0131c\u0131lar b\u00fct\u00fcn verilerine eri\u015fme, d\u00fczeltme, silme, k\u0131s\u0131tlama, itiraz etme ve ta\u015f\u0131yabilme hakk\u0131na sahiptir. Daha fazla bilgi i\u00e7in Gizlilik Politikam\u0131za bak\u0131n.<\/label>\t\t\t<\/span>\n\t\t<\/div>\n\t\t\t\t\t\t<\/div>\n\t\t\t\t\t\t\t\t<div class=\"elementor-field-type-recaptcha_v3 elementor-field-group elementor-column elementor-field-group-field_7fb4156 elementor-col-100 recaptcha_v3-bottomright\">\n\t\t\t\t\t<div class=\"elementor-field\" id=\"form-field-field_7fb4156\"><div class=\"elementor-g-recaptcha\" data-sitekey=\"6LcFjvgUAAAAAOdN_9fJU0uam-rkFSgDHMvG6B_q\" data-type=\"v3\" data-action=\"Form\" data-badge=\"bottomright\" data-size=\"invisible\"><\/div><\/div>\t\t\t\t<\/div>\n\t\t\t\t\t\t\t\t<div class=\"elementor-field-group elementor-column elementor-field-type-submit elementor-col-40 e-form__buttons elementor-md-40 elementor-sm-50\">\n\t\t\t\t\t<button class=\"elementor-button elementor-size-sm\" type=\"submit\">\n\t\t\t\t\t\t<span class=\"elementor-button-content-wrapper\">\n\t\t\t\t\t\t\t\t\t\t\t\t\t\t\t<span class=\"elementor-button-icon\">\n\t\t\t\t\t\t\t\t\t<i aria-hidden=\"true\" class=\"fas fa-check\"><\/i>\t\t\t\t\t\t\t\t\t\t\t\t\t\t\t\t\t<\/span>\n\t\t\t\t\t\t\t\t\t\t\t\t\t\t\t\t\t\t\t\t\t\t<span class=\"elementor-button-text\">G\u00f6nder<\/span>\n\t\t\t\t\t\t\t\t\t\t\t\t\t<\/span>\n\t\t\t\t\t<\/button>\n\t\t\t\t<\/div>\n\t\t\t<\/div>\n\t\t<\/form>\n\t\t\t\t\t\t<\/div>\n\t\t\t\t<\/div>\n\t\t\t\t\t<\/div>\n\t\t<\/div>\n\t\t\t\t\t<\/div>\n\t\t<\/section>\n\t\t\t\t<section class=\"elementor-section elementor-top-section elementor-element elementor-element-6ff509af elementor-section-boxed elementor-section-height-default elementor-section-height-default\" data-id=\"6ff509af\" data-element_type=\"section\" data-e-type=\"section\">\n\t\t\t\t\t\t<div class=\"elementor-container elementor-column-gap-default\">\n\t\t\t\t\t<div class=\"elementor-column elementor-col-100 elementor-top-column elementor-element elementor-element-f5637ac\" data-id=\"f5637ac\" data-element_type=\"column\" data-e-type=\"column\">\n\t\t\t<div class=\"elementor-widget-wrap elementor-element-populated\">\n\t\t\t\t\t\t<div class=\"elementor-element elementor-element-500c770f elementor-widget elementor-widget-spacer\" data-id=\"500c770f\" data-element_type=\"widget\" data-e-type=\"widget\" data-widget_type=\"spacer.default\">\n\t\t\t\t<div class=\"elementor-widget-container\">\n\t\t\t\t\t\t\t<div class=\"elementor-spacer\">\n\t\t\t<div class=\"elementor-spacer-inner\"><\/div>\n\t\t<\/div>\n\t\t\t\t\t\t<\/div>\n\t\t\t\t<\/div>\n\t\t\t\t\t<\/div>\n\t\t<\/div>\n\t\t\t\t\t<\/div>\n\t\t<\/section>\n\t\t\t\t<\/div>\n\t\t","protected":false},"excerpt":{"rendered":"<p>Kimyasal madde kategorileri \u00c7\u00f6z\u00fcc\u00fcleri, dolgu maddelerini, renklendiricileri, mineralleri ve polimerleri kapsayan geni\u015f bir, toptan y\u00fcksek hacimli maddeler, kimyasal \u00fcr\u00fcnler yelpazemiz bulunmaktad\u0131r. D\u00f6kme dolgu maddeleri Renklendiriciler Termoplastik polimerler Re\u00e7ineler Deterjanlar Kau\u00e7uklar Petrokimyasallar Emtia Kimyasallar\u0131 hakk\u0131nda daha fazla bilgi edinmek ister misiniz? A\u015fa\u011f\u0131daki formu g\u00f6nderin, sizinle ileti\u015fime ge\u00e7ece\u011fiz.<\/p>\n","protected":false},"author":1,"featured_media":16725,"parent":19614,"menu_order":2,"comment_status":"closed","ping_status":"closed","template":"elementor_header_footer","meta":{"_seopress_robots_primary_cat":"","_seopress_titles_title":"%%sitetitle%% %%sep%% %%post_title%%","_seopress_titles_desc":"PlusChem has a wide range of commodity chemicals, bulk high volume materials including solvents, fillers, pigments, minerals and polymers.","_seopress_robots_index":"","footnotes":""},"class_list":["post-19695","page","type-page","status-publish","has-post-thumbnail","hentry"],"_links":{"self":[{"href":"https:\/\/dev.pluschem.com\/tr\/wp-json\/wp\/v2\/pages\/19695","targetHints":{"allow":["GET"]}}],"collection":[{"href":"https:\/\/dev.pluschem.com\/tr\/wp-json\/wp\/v2\/pages"}],"about":[{"href":"https:\/\/dev.pluschem.com\/tr\/wp-json\/wp\/v2\/types\/page"}],"author":[{"embeddable":true,"href":"https:\/\/dev.pluschem.com\/tr\/wp-json\/wp\/v2\/users\/1"}],"replies":[{"embeddable":true,"href":"https:\/\/dev.pluschem.com\/tr\/wp-json\/wp\/v2\/comments?post=19695"}],"version-history":[{"count":0,"href":"https:\/\/dev.pluschem.com\/tr\/wp-json\/wp\/v2\/pages\/19695\/revisions"}],"up":[{"embeddable":true,"href":"https:\/\/dev.pluschem.com\/tr\/wp-json\/wp\/v2\/pages\/19614"}],"wp:featuredmedia":[{"embeddable":true,"href":"https:\/\/dev.pluschem.com\/tr\/wp-json\/wp\/v2\/media\/16725"}],"wp:attachment":[{"href":"https:\/\/dev.pluschem.com\/tr\/wp-json\/wp\/v2\/media?parent=19695"}],"curies":[{"name":"wp","href":"https:\/\/api.w.org\/{rel}","templated":true}]}}