{"id":19753,"date":"2021-05-21T10:11:17","date_gmt":"2021-05-21T10:11:17","guid":{"rendered":"https:\/\/pluschem.com\/chemical-categories\/food-and-feed\/"},"modified":"2023-01-17T12:23:57","modified_gmt":"2023-01-17T12:23:57","slug":"food-and-feed","status":"publish","type":"page","link":"https:\/\/dev.pluschem.com\/tr\/chemical-categories\/food-and-feed\/","title":{"rendered":"G\u0131da ve yem"},"content":{"rendered":"\t\t<div data-elementor-type=\"wp-page\" data-elementor-id=\"19753\" class=\"elementor elementor-19753 elementor-1420\" data-elementor-post-type=\"page\">\n\t\t\t\t\t\t<section class=\"elementor-section elementor-top-section elementor-element elementor-element-7b887050 elementor-section-full_width elementor-section-height-min-height elementor-section-items-stretch elementor-section-height-default\" data-id=\"7b887050\" data-element_type=\"section\" data-e-type=\"section\" data-settings=\"{&quot;background_background&quot;:&quot;classic&quot;}\">\n\t\t\t\t\t\t<div class=\"elementor-container elementor-column-gap-default\">\n\t\t\t\t\t<div class=\"elementor-column elementor-col-100 elementor-top-column elementor-element elementor-element-1261c371\" data-id=\"1261c371\" data-element_type=\"column\" data-e-type=\"column\">\n\t\t\t<div class=\"elementor-widget-wrap elementor-element-populated\">\n\t\t\t\t\t\t<div class=\"elementor-element elementor-element-8c491c7 elementor-widget elementor-widget-heading\" data-id=\"8c491c7\" data-element_type=\"widget\" data-e-type=\"widget\" data-widget_type=\"heading.default\">\n\t\t\t\t<div class=\"elementor-widget-container\">\n\t\t\t\t\t<h2 class=\"elementor-heading-title elementor-size-default\"><a href=\"https:\/\/dev.pluschem.com\/tr\/chemical-categories\/\">Kimyasal madde kategorileri<\/a><\/h2>\t\t\t\t<\/div>\n\t\t\t\t<\/div>\n\t\t\t\t\t<\/div>\n\t\t<\/div>\n\t\t\t\t\t<\/div>\n\t\t<\/section>\n\t\t\t\t<section class=\"elementor-section elementor-top-section elementor-element elementor-element-7c96ad66 elementor-section-boxed elementor-section-height-default elementor-section-height-default\" data-id=\"7c96ad66\" data-element_type=\"section\" data-e-type=\"section\">\n\t\t\t\t\t\t<div class=\"elementor-container elementor-column-gap-default\">\n\t\t\t\t\t<div class=\"elementor-column elementor-col-100 elementor-top-column elementor-element elementor-element-5a5b8289\" data-id=\"5a5b8289\" data-element_type=\"column\" data-e-type=\"column\">\n\t\t\t<div class=\"elementor-widget-wrap elementor-element-populated\">\n\t\t\t\t\t\t<div class=\"elementor-element elementor-element-2a732c72 elementor-widget elementor-widget-spacer\" data-id=\"2a732c72\" data-element_type=\"widget\" data-e-type=\"widget\" data-widget_type=\"spacer.default\">\n\t\t\t\t<div class=\"elementor-widget-container\">\n\t\t\t\t\t\t\t<div class=\"elementor-spacer\">\n\t\t\t<div class=\"elementor-spacer-inner\"><\/div>\n\t\t<\/div>\n\t\t\t\t\t\t<\/div>\n\t\t\t\t<\/div>\n\t\t\t\t\t<\/div>\n\t\t<\/div>\n\t\t\t\t\t<\/div>\n\t\t<\/section>\n\t\t\t\t<section class=\"elementor-section elementor-top-section elementor-element elementor-element-281434e1 elementor-section-boxed elementor-section-height-default elementor-section-height-default\" data-id=\"281434e1\" data-element_type=\"section\" data-e-type=\"section\">\n\t\t\t\t\t\t<div class=\"elementor-container elementor-column-gap-no\">\n\t\t\t\t\t<div class=\"elementor-column elementor-col-50 elementor-top-column elementor-element elementor-element-15569417 elementor-hidden-mobile\" data-id=\"15569417\" data-element_type=\"column\" data-e-type=\"column\">\n\t\t\t<div class=\"elementor-widget-wrap elementor-element-populated\">\n\t\t\t\t\t\t<div class=\"elementor-element elementor-element-370a8b21 elementor-widget elementor-widget-image\" data-id=\"370a8b21\" data-element_type=\"widget\" data-e-type=\"widget\" data-settings=\"{&quot;_animation_tablet&quot;:&quot;slideInLeft&quot;}\" data-widget_type=\"image.default\">\n\t\t\t\t<div class=\"elementor-widget-container\">\n\t\t\t\t\t\t\t\t\t\t\t\t\t\t\t<img decoding=\"async\" src=\"https:\/\/dev.pluschem.com\/wp-content\/uploads\/elementor\/thumbs\/Food-and-Feed-Secondary-Desktop-650x500-1-peiara9ifa8kk2qyhr67mejnp071p5ufwcbzcscpvs.jpg\" title=\"Food and Feed\" alt=\"Food and Feed\" loading=\"lazy\" \/>\t\t\t\t\t\t\t\t\t\t\t\t\t\t\t<\/div>\n\t\t\t\t<\/div>\n\t\t\t\t\t<\/div>\n\t\t<\/div>\n\t\t\t\t<div class=\"elementor-column elementor-col-50 elementor-top-column elementor-element elementor-element-350a1909\" data-id=\"350a1909\" data-element_type=\"column\" data-e-type=\"column\">\n\t\t\t<div class=\"elementor-widget-wrap elementor-element-populated\">\n\t\t\t\t\t\t<div class=\"elementor-element elementor-element-65e3e250 elementor-hidden-tablet elementor-hidden-mobile elementor-widget elementor-widget-heading\" data-id=\"65e3e250\" data-element_type=\"widget\" data-e-type=\"widget\" data-widget_type=\"heading.default\">\n\t\t\t\t<div class=\"elementor-widget-container\">\n\t\t\t\t\t<h2 class=\"elementor-heading-title elementor-size-default\">G\u0131da ve yem<\/h2>\t\t\t\t<\/div>\n\t\t\t\t<\/div>\n\t\t\t\t<div class=\"elementor-element elementor-element-700c8063 elementor-widget elementor-widget-text-editor\" data-id=\"700c8063\" data-element_type=\"widget\" data-e-type=\"widget\" data-widget_type=\"text-editor.default\">\n\t\t\t\t<div class=\"elementor-widget-container\">\n\t\t\t\t\t\t\t\t\t<p>Koruyucu maddeleri, vitaminleri, amino asitleri, \u015fekerleri, jelle\u015ftirici katk\u0131 maddelerini, mineralleri ve temel elementleri kapsayan bir g\u0131da ve hayvan yemi yelpazesine sahibiz.<\/p><ul><li>Aktif bile\u015fenler, katk\u0131 maddeleri ve insan ve hayvan besini bile\u015fenleri<\/li><li>Dengeleyiciler\/Koruyucular<\/li><li>Bitki \u00f6zleri<\/li><li>Proteinler<\/li><li>Karbonhidratlar<\/li><li>Ya\u011f de\u011fi\u015ftirme \u00fcr\u00fcnleri<\/li><li>S\u00fct \u00fcr\u00fcnleri\/me\u015frubat\/sa\u011fl\u0131k\/unlu mamulleri ve \u015fekerleme\/deniz \u00fcr\u00fcnleri ve et i\u00e7in katk\u0131 maddeleri<\/li><li>Mineral zenginle\u015ftirme<\/li><li>Aroma vericiler ve renklendiriciler<\/li><\/ul><p>G\u0131da ve Yem hakk\u0131nda daha fazla bilgi edinmek <strong>G\u0131da ve yem<\/strong>? A\u015fa\u011f\u0131daki formu g\u00f6nderin, sizinle ileti\u015fime ge\u00e7ece\u011fiz.<\/p>\t\t\t\t\t\t\t\t<\/div>\n\t\t\t\t<\/div>\n\t\t\t\t<div class=\"elementor-element elementor-element-52d5b3fe elementor-hidden-desktop elementor-hidden-tablet elementor-widget elementor-widget-image\" data-id=\"52d5b3fe\" data-element_type=\"widget\" data-e-type=\"widget\" data-widget_type=\"image.default\">\n\t\t\t\t<div class=\"elementor-widget-container\">\n\t\t\t\t\t\t\t\t\t\t\t\t\t\t\t<img decoding=\"async\" src=\"https:\/\/dev.pluschem.com\/wp-content\/uploads\/elementor\/thumbs\/Food-and-Feed-Secondary-Mobile-290x290-1-peiapz9gjotxbna7q7rccibiu354qt21rnfu9ccuz8.jpg\" title=\"Food and Feed\" alt=\"Food and Feed\" loading=\"lazy\" \/>\t\t\t\t\t\t\t\t\t\t\t\t\t\t\t<\/div>\n\t\t\t\t<\/div>\n\t\t\t\t<div class=\"elementor-element elementor-element-13a80ff elementor-tablet-button-align-stretch elementor-mobile-button-align-stretch elementor-button-align-stretch elementor-widget elementor-widget-form\" data-id=\"13a80ff\" data-element_type=\"widget\" data-e-type=\"widget\" data-settings=\"{&quot;step_next_label&quot;:&quot;Next&quot;,&quot;step_previous_label&quot;:&quot;Previous&quot;,&quot;button_width&quot;:&quot;40&quot;,&quot;step_type&quot;:&quot;none&quot;,&quot;button_width_tablet&quot;:&quot;40&quot;,&quot;button_width_mobile&quot;:&quot;50&quot;,&quot;step_icon_shape&quot;:&quot;circle&quot;}\" data-widget_type=\"form.default\">\n\t\t\t\t<div class=\"elementor-widget-container\">\n\t\t\t\t\t\t\t<form class=\"elementor-form\" method=\"post\" name=\"Fine and Specialty form\" aria-label=\"Fine and Specialty form\">\n\t\t\t<input type=\"hidden\" name=\"post_id\" value=\"19753\"\/>\n\t\t\t<input type=\"hidden\" name=\"form_id\" value=\"13a80ff\"\/>\n\t\t\t<input type=\"hidden\" name=\"referer_title\" value=\"G\u0131da ve yem\" \/>\n\n\t\t\t\t\t\t\t<input type=\"hidden\" name=\"queried_id\" value=\"19753\"\/>\n\t\t\t\n\t\t\t<div class=\"elementor-form-fields-wrapper elementor-labels-above\">\n\t\t\t\t\t\t\t\t<div class=\"elementor-field-type-text elementor-field-group elementor-column elementor-field-group-name elementor-col-50 elementor-field-required elementor-mark-required\">\n\t\t\t\t\t\t\t\t\t\t\t\t<label for=\"form-field-name\" class=\"elementor-field-label\">\n\t\t\t\t\t\t\t\tAd\t\t\t\t\t\t\t<\/label>\n\t\t\t\t\t\t\t\t\t\t\t\t\t\t<input size=\"1\" type=\"text\" name=\"form_fields[name]\" id=\"form-field-name\" class=\"elementor-field elementor-size-md  elementor-field-textual\" required=\"required\">\n\t\t\t\t\t\t\t\t\t\t\t<\/div>\n\t\t\t\t\t\t\t\t<div class=\"elementor-field-type-email elementor-field-group elementor-column elementor-field-group-email elementor-col-50 elementor-field-required elementor-mark-required\">\n\t\t\t\t\t\t\t\t\t\t\t\t<label for=\"form-field-email\" class=\"elementor-field-label\">\n\t\t\t\t\t\t\t\tE-posta\t\t\t\t\t\t\t<\/label>\n\t\t\t\t\t\t\t\t\t\t\t\t\t\t<input size=\"1\" type=\"email\" name=\"form_fields[email]\" id=\"form-field-email\" class=\"elementor-field elementor-size-md  elementor-field-textual\" required=\"required\">\n\t\t\t\t\t\t\t\t\t\t\t<\/div>\n\t\t\t\t\t\t\t\t<div class=\"elementor-field-type-acceptance elementor-field-group elementor-column elementor-field-group-acceptance elementor-col-100 elementor-field-required elementor-mark-required\">\n\t\t\t\t\t\t\t\t\t\t\t\t<label for=\"form-field-acceptance\" class=\"elementor-field-label\">\n\t\t\t\t\t\t\t\tKabul\t\t\t\t\t\t\t<\/label>\n\t\t\t\t\t\t\t\t<div class=\"elementor-field-subgroup\">\n\t\t\t<span class=\"elementor-field-option\">\n\t\t\t\t<input type=\"checkbox\" name=\"form_fields[acceptance]\" id=\"form-field-acceptance\" class=\"elementor-field elementor-size-md  elementor-acceptance-field\" required=\"required\">\n\t\t\t\t<label for=\"form-field-acceptance\">Bu formu doldurarak bize sa\u011flad\u0131\u011f\u0131n\u0131z ki\u015fisel veriler, PlusChem EEIG taraf\u0131ndan i\u015flenecektir. Sizden talep etti\u011fimiz ki\u015fisel verilerin toplanmas\u0131n\u0131n ve i\u015flenmesinin amac\u0131, ilgili taraftan bilgi talebine cevap verebilmek ve ticari ili\u015fkiler kurmak veya s\u00fcrd\u00fcrmektir. Yasal \u00e7er\u00e7eve, ilgili taraf\u0131n r\u0131zas\u0131 ve ticari bir ili\u015fkinin geli\u015fmesinde me\u015fru menfaat ile sa\u011flan\u0131r Bu bilgileri al\u0131c\u0131s\u0131 PlusChem EEIG\u2019dir Kullan\u0131c\u0131lar b\u00fct\u00fcn verilerine eri\u015fme, d\u00fczeltme, silme, k\u0131s\u0131tlama, itiraz etme ve ta\u015f\u0131yabilme hakk\u0131na sahiptir. Daha fazla bilgi i\u00e7in Gizlilik Politikam\u0131za bak\u0131n.<\/label>\t\t\t<\/span>\n\t\t<\/div>\n\t\t\t\t\t\t<\/div>\n\t\t\t\t\t\t\t\t<div class=\"elementor-field-type-recaptcha_v3 elementor-field-group elementor-column elementor-field-group-field_7fb4156 elementor-col-100 recaptcha_v3-bottomright\">\n\t\t\t\t\t<div class=\"elementor-field\" id=\"form-field-field_7fb4156\"><div class=\"elementor-g-recaptcha\" data-sitekey=\"6LcFjvgUAAAAAOdN_9fJU0uam-rkFSgDHMvG6B_q\" data-type=\"v3\" data-action=\"Form\" data-badge=\"bottomright\" data-size=\"invisible\"><\/div><\/div>\t\t\t\t<\/div>\n\t\t\t\t\t\t\t\t<div class=\"elementor-field-group elementor-column elementor-field-type-submit elementor-col-40 e-form__buttons elementor-md-40 elementor-sm-50\">\n\t\t\t\t\t<button class=\"elementor-button elementor-size-sm\" type=\"submit\">\n\t\t\t\t\t\t<span class=\"elementor-button-content-wrapper\">\n\t\t\t\t\t\t\t\t\t\t\t\t\t\t\t<span class=\"elementor-button-icon\">\n\t\t\t\t\t\t\t\t\t<i aria-hidden=\"true\" class=\"fas fa-check\"><\/i>\t\t\t\t\t\t\t\t\t\t\t\t\t\t\t\t\t<\/span>\n\t\t\t\t\t\t\t\t\t\t\t\t\t\t\t\t\t\t\t\t\t\t<span class=\"elementor-button-text\">G\u00f6nder<\/span>\n\t\t\t\t\t\t\t\t\t\t\t\t\t<\/span>\n\t\t\t\t\t<\/button>\n\t\t\t\t<\/div>\n\t\t\t<\/div>\n\t\t<\/form>\n\t\t\t\t\t\t<\/div>\n\t\t\t\t<\/div>\n\t\t\t\t\t<\/div>\n\t\t<\/div>\n\t\t\t\t\t<\/div>\n\t\t<\/section>\n\t\t\t\t<section class=\"elementor-section elementor-top-section elementor-element elementor-element-7c5cdcf8 elementor-section-boxed elementor-section-height-default elementor-section-height-default\" data-id=\"7c5cdcf8\" data-element_type=\"section\" data-e-type=\"section\">\n\t\t\t\t\t\t<div class=\"elementor-container elementor-column-gap-default\">\n\t\t\t\t\t<div class=\"elementor-column elementor-col-100 elementor-top-column elementor-element elementor-element-5d82fd3b\" data-id=\"5d82fd3b\" data-element_type=\"column\" data-e-type=\"column\">\n\t\t\t<div class=\"elementor-widget-wrap elementor-element-populated\">\n\t\t\t\t\t\t<div class=\"elementor-element elementor-element-4c88f747 elementor-widget elementor-widget-spacer\" data-id=\"4c88f747\" data-element_type=\"widget\" data-e-type=\"widget\" data-widget_type=\"spacer.default\">\n\t\t\t\t<div class=\"elementor-widget-container\">\n\t\t\t\t\t\t\t<div class=\"elementor-spacer\">\n\t\t\t<div class=\"elementor-spacer-inner\"><\/div>\n\t\t<\/div>\n\t\t\t\t\t\t<\/div>\n\t\t\t\t<\/div>\n\t\t\t\t\t<\/div>\n\t\t<\/div>\n\t\t\t\t\t<\/div>\n\t\t<\/section>\n\t\t\t\t<\/div>\n\t\t","protected":false},"excerpt":{"rendered":"<p>Kimyasal madde kategorileri Koruyucu maddeleri, vitaminleri, amino asitleri, \u015fekerleri, jelle\u015ftirici katk\u0131 maddelerini, mineralleri ve temel elementleri kapsayan bir g\u0131da ve hayvan yemi yelpazesine sahibiz. Aktif bile\u015fenler, katk\u0131 maddeleri ve insan ve hayvan besini bile\u015fenleri Dengeleyiciler\/Koruyucular Bitki \u00f6zleri Proteinler Karbonhidratlar Ya\u011f de\u011fi\u015ftirme \u00fcr\u00fcnleri S\u00fct \u00fcr\u00fcnleri\/me\u015frubat\/sa\u011fl\u0131k\/unlu mamulleri ve \u015fekerleme\/deniz \u00fcr\u00fcnleri ve et i\u00e7in katk\u0131 maddeleri Mineral zenginle\u015ftirme [&hellip;]<\/p>\n","protected":false},"author":1,"featured_media":16737,"parent":19614,"menu_order":7,"comment_status":"closed","ping_status":"closed","template":"elementor_header_footer","meta":{"_seopress_robots_primary_cat":"","_seopress_titles_title":"%%sitetitle%% %%sep%% %%post_title%%","_seopress_titles_desc":"A range of food and animal feed ingredients including preservatives, vitamins, amino acids, sugars, gelling additives, minerals and essential elements.","_seopress_robots_index":"","footnotes":""},"class_list":["post-19753","page","type-page","status-publish","has-post-thumbnail","hentry"],"_links":{"self":[{"href":"https:\/\/dev.pluschem.com\/tr\/wp-json\/wp\/v2\/pages\/19753","targetHints":{"allow":["GET"]}}],"collection":[{"href":"https:\/\/dev.pluschem.com\/tr\/wp-json\/wp\/v2\/pages"}],"about":[{"href":"https:\/\/dev.pluschem.com\/tr\/wp-json\/wp\/v2\/types\/page"}],"author":[{"embeddable":true,"href":"https:\/\/dev.pluschem.com\/tr\/wp-json\/wp\/v2\/users\/1"}],"replies":[{"embeddable":true,"href":"https:\/\/dev.pluschem.com\/tr\/wp-json\/wp\/v2\/comments?post=19753"}],"version-history":[{"count":0,"href":"https:\/\/dev.pluschem.com\/tr\/wp-json\/wp\/v2\/pages\/19753\/revisions"}],"up":[{"embeddable":true,"href":"https:\/\/dev.pluschem.com\/tr\/wp-json\/wp\/v2\/pages\/19614"}],"wp:featuredmedia":[{"embeddable":true,"href":"https:\/\/dev.pluschem.com\/tr\/wp-json\/wp\/v2\/media\/16737"}],"wp:attachment":[{"href":"https:\/\/dev.pluschem.com\/tr\/wp-json\/wp\/v2\/media?parent=19753"}],"curies":[{"name":"wp","href":"https:\/\/api.w.org\/{rel}","templated":true}]}}